{"id":73,"date":"2016-09-30T19:07:25","date_gmt":"2016-09-30T17:07:25","guid":{"rendered":"http:\/\/www.wha.ch\/shuttle\/?page_id=73"},"modified":"2022-12-25T14:56:09","modified_gmt":"2022-12-25T13:56:09","slug":"preisliste","status":"publish","type":"page","link":"https:\/\/www.shuttlezone.ch\/index.php\/winterthur\/preisliste\/","title":{"rendered":"preisliste szwi"},"content":{"rendered":"<h2><span class=\"titel\">einfach badminton spielen<\/span><\/h2>\n<h3 id=\"breadCrumb\" class=\"auto-style3\">\u00f6ffnungszeiten und preise shuttlezone winterthur<\/h3>\n<div class=\"feature\">\n<p class=\"inhalt\">die halle mit dem einzigartigen, gelenkschonenden und spassmachenden parkettschwingboden ist f\u00fcr individualspielerInn wie folgt ge\u00f6ffnet:<\/p>\n<table border=\"0\" width=\"100%\" cellspacing=\"5\" cellpadding=\"0\">\n<tbody>\n<tr class=\"untertitel\">\n<td>zeit<\/td>\n<td>einzelmiete<\/td>\n<td><\/td>\n<td>jahresfixplatz<\/td>\n<\/tr>\n<tr>\n<td><span class=\"auto-style2\">montag &#8211; freitag<\/span><\/td>\n<td><\/td>\n<td><\/td>\n<td><\/td>\n<\/tr>\n<tr>\n<td class=\"auto-style1\">halle 1 \/ felder 1 &#8211; 4<\/td>\n<td><\/td>\n<td><\/td>\n<td><\/td>\n<\/tr>\n<tr>\n<td>mittag 11:45 &#8211; 13:15 (45 min.-takt)<br \/>\nmittwoch 11:45 &#8211; 17:00 (45 min.-takt)<\/td>\n<td>28.-<\/td>\n<td><\/td>\n<td>1170.-<\/td>\n<\/tr>\n<tr>\n<td>abend 17:00 &#8211; 23:00 (45 min.-takt)<\/td>\n<td>30.-<\/td>\n<td><\/td>\n<td>1270.-<\/td>\n<\/tr>\n<tr>\n<td><\/td>\n<td><\/td>\n<td><\/td>\n<td><\/td>\n<\/tr>\n<tr>\n<td class=\"auto-style1\">halle 2 \/ felder 5 &#8211; 8<\/td>\n<td><\/td>\n<td><\/td>\n<td><\/td>\n<\/tr>\n<tr>\n<td>mittag 12:00 &#8211; 13:00 (60 min.)<br \/>\nmittwoch 12:00 &#8211; 17:00 (60 min.)<\/td>\n<td>36.-<\/td>\n<td><\/td>\n<td>1570.-<\/td>\n<\/tr>\n<tr>\n<td>abend 17:00 &#8211; 23:00 (60 min.)<\/td>\n<td>38.-<\/td>\n<td><\/td>\n<td>1670.-<\/td>\n<\/tr>\n<tr>\n<td><\/td>\n<td><\/td>\n<td><\/td>\n<td><\/td>\n<\/tr>\n<tr>\n<td class=\"auto-style2\">wochenende<\/td>\n<td><\/td>\n<td><\/td>\n<td><\/td>\n<\/tr>\n<tr>\n<td class=\"auto-style1\">halle 1 \/ felder 1 &#8211; 4<\/td>\n<td><\/td>\n<td><\/td>\n<td><\/td>\n<\/tr>\n<tr>\n<td>samstag 10:15 &#8211; 20:00 (45 min.-takt)<\/td>\n<td>28.-<\/td>\n<td><\/td>\n<td><\/td>\n<\/tr>\n<tr>\n<td>sonntag 10:15 &#8211; 17:45 (45 min.-takt<\/td>\n<td>28.-<\/td>\n<td><\/td>\n<td><\/td>\n<\/tr>\n<tr>\n<td><\/td>\n<td><\/td>\n<td><\/td>\n<td><\/td>\n<\/tr>\n<tr>\n<td class=\"auto-style1\">halle 2 \/ felder 5 &#8211; 8<\/td>\n<td><\/td>\n<td><\/td>\n<td><\/td>\n<\/tr>\n<tr>\n<td>samstag 10:00 &#8211; 20:00 (60 min.)<\/td>\n<td>36.-<\/td>\n<td><\/td>\n<td><\/td>\n<\/tr>\n<tr>\n<td>sonntag 10:00 &#8211; 18:00 (60 min.)<\/td>\n<td>36.-<\/td>\n<td><\/td>\n<td><\/td>\n<\/tr>\n<tr>\n<td><\/td>\n<td><\/td>\n<td><\/td>\n<td><\/td>\n<\/tr>\n<tr>\n<td colspan=\"4\">mietrackets k\u00f6nnen f\u00fcr 6.- \/ Person &amp; Feldeinheit bezogen werden (shuttle inkl.)<\/td>\n<\/tr>\n<tr>\n<td><\/td>\n<td><\/td>\n<td><\/td>\n<td><\/td>\n<\/tr>\n<tr>\n<td colspan=\"4\">feldreservationen die weniger als 24 h vor spielbeginn abgesagt werden und nicht weiter vermietet werden k\u00f6nnen, werden in rechnung gestellt.<\/td>\n<\/tr>\n<tr>\n<td colspan=\"4\"><\/td>\n<\/tr>\n<tr>\n<td colspan=\"4\">\n<ul>\n<li>10er abonnement (11 x spielen; 10 x bezahlen)<\/li>\n<li>vorausbuchungen \u00fcber mehrere wochen sind in einzelmiete nicht m\u00f6glich (profitieren sie dazu von der g\u00fcnstigen fixplatzmiete).<\/li>\n<\/ul>\n<\/td>\n<\/tr>\n<\/tbody>\n<\/table>\n<\/div>\n","protected":false},"excerpt":{"rendered":"<p>einfach badminton spielen \u00f6ffnungszeiten und preise shuttlezone winterthur die halle mit dem einzigartigen, gelenkschonenden und spassmachenden parkettschwingboden ist f\u00fcr individualspielerInn wie folgt ge\u00f6ffnet: zeit einzelmiete jahresfixplatz montag &#8211; freitag halle 1 \/ felder 1 &#8211; 4 mittag 11:45 &#8211; 13:15 (45 min.-takt) mittwoch 11:45 &#8211; 17:00 (45 min.-takt) 28.- 1170.-\u2026<\/p>\n<p class=\"continue-reading-button\"> <a class=\"continue-reading-link\" href=\"https:\/\/www.shuttlezone.ch\/index.php\/winterthur\/preisliste\/\">Continue reading<i class=\"crycon-right-dir\"><\/i><\/a><\/p>\n","protected":false},"author":2,"featured_media":0,"parent":26,"menu_order":20,"comment_status":"closed","ping_status":"closed","template":"","meta":[],"_links":{"self":[{"href":"https:\/\/www.shuttlezone.ch\/index.php\/wp-json\/wp\/v2\/pages\/73"}],"collection":[{"href":"https:\/\/www.shuttlezone.ch\/index.php\/wp-json\/wp\/v2\/pages"}],"about":[{"href":"https:\/\/www.shuttlezone.ch\/index.php\/wp-json\/wp\/v2\/types\/page"}],"author":[{"embeddable":true,"href":"https:\/\/www.shuttlezone.ch\/index.php\/wp-json\/wp\/v2\/users\/2"}],"replies":[{"embeddable":true,"href":"https:\/\/www.shuttlezone.ch\/index.php\/wp-json\/wp\/v2\/comments?post=73"}],"version-history":[{"count":14,"href":"https:\/\/www.shuttlezone.ch\/index.php\/wp-json\/wp\/v2\/pages\/73\/revisions"}],"predecessor-version":[{"id":3739,"href":"https:\/\/www.shuttlezone.ch\/index.php\/wp-json\/wp\/v2\/pages\/73\/revisions\/3739"}],"up":[{"embeddable":true,"href":"https:\/\/www.shuttlezone.ch\/index.php\/wp-json\/wp\/v2\/pages\/26"}],"wp:attachment":[{"href":"https:\/\/www.shuttlezone.ch\/index.php\/wp-json\/wp\/v2\/media?parent=73"}],"curies":[{"name":"wp","href":"https:\/\/api.w.org\/{rel}","templated":true}]}}