{"id":57,"date":"2016-09-30T18:52:30","date_gmt":"2016-09-30T16:52:30","guid":{"rendered":"http:\/\/www.wha.ch\/shuttle\/?page_id=57"},"modified":"2017-06-10T12:26:11","modified_gmt":"2017-06-10T10:26:11","slug":"reservationen","status":"publish","type":"page","link":"https:\/\/www.shuttlezone.ch\/index.php\/wetzikon\/reservationen\/","title":{"rendered":"reservieren"},"content":{"rendered":"<h2 id=\"pageName\">shuttlezone wetzikon jetzt online reservieren<\/h2>\n<h3 id=\"breadCrumb\">24 \/ 7 &#8211; immer f\u00fcr sie da<span class=\"untertitel\">:<\/span><\/h3>\n<div class=\"feature\">\n<p class=\"inhalt\">Seit dem 1. januar 2016 stehen ihnen unsere felder online zur verf\u00fcgung.<\/p>\n<hr \/>\n<p class=\"inhalt\">einfach login erstellen und los geht&#8217;s.<\/p>\n<p class=\"inhalt\">sie sehen auf unserem reservationssystem die kommenden 14 tage und k\u00f6nnen rund um die uhr ihren gew\u00fcnschten badmintoncourt reservieren. ob von zuhause mit dem pc oder von unterwegs mit dem smartphone &#8211; unsere badmintonfelder sind ihre badmintonfelder.<\/p>\n<h4 class=\"inhalt\" style=\"text-align: center;\"><strong><a href=\"http:\/\/szwe.court4you.ch\">hier shuttlezone wetzikon reservieren!<\/a><\/strong><\/h4>\n<\/div>\n<p>&nbsp;<\/p>\n<p class=\"auto-style2\"><span class=\"auto-style1\">\u00a0 <\/span><\/p>\n","protected":false},"excerpt":{"rendered":"<p>shuttlezone wetzikon jetzt online reservieren 24 \/ 7 &#8211; immer f\u00fcr sie da: Seit dem 1. januar 2016 stehen ihnen unsere felder online zur verf\u00fcgung. einfach login erstellen und los geht&#8217;s. sie sehen auf unserem reservationssystem die kommenden 14 tage und k\u00f6nnen rund um die uhr ihren gew\u00fcnschten badmintoncourt reservieren.\u2026<\/p>\n<p class=\"continue-reading-button\"> <a class=\"continue-reading-link\" href=\"https:\/\/www.shuttlezone.ch\/index.php\/wetzikon\/reservationen\/\">Continue reading<i class=\"crycon-right-dir\"><\/i><\/a><\/p>\n","protected":false},"author":2,"featured_media":0,"parent":24,"menu_order":40,"comment_status":"closed","ping_status":"closed","template":"","meta":[],"_links":{"self":[{"href":"https:\/\/www.shuttlezone.ch\/index.php\/wp-json\/wp\/v2\/pages\/57"}],"collection":[{"href":"https:\/\/www.shuttlezone.ch\/index.php\/wp-json\/wp\/v2\/pages"}],"about":[{"href":"https:\/\/www.shuttlezone.ch\/index.php\/wp-json\/wp\/v2\/types\/page"}],"author":[{"embeddable":true,"href":"https:\/\/www.shuttlezone.ch\/index.php\/wp-json\/wp\/v2\/users\/2"}],"replies":[{"embeddable":true,"href":"https:\/\/www.shuttlezone.ch\/index.php\/wp-json\/wp\/v2\/comments?post=57"}],"version-history":[{"count":8,"href":"https:\/\/www.shuttlezone.ch\/index.php\/wp-json\/wp\/v2\/pages\/57\/revisions"}],"predecessor-version":[{"id":298,"href":"https:\/\/www.shuttlezone.ch\/index.php\/wp-json\/wp\/v2\/pages\/57\/revisions\/298"}],"up":[{"embeddable":true,"href":"https:\/\/www.shuttlezone.ch\/index.php\/wp-json\/wp\/v2\/pages\/24"}],"wp:attachment":[{"href":"https:\/\/www.shuttlezone.ch\/index.php\/wp-json\/wp\/v2\/media?parent=57"}],"curies":[{"name":"wp","href":"https:\/\/api.w.org\/{rel}","templated":true}]}}