{"id":5054,"date":"2026-05-08T08:57:05","date_gmt":"2026-05-08T06:57:05","guid":{"rendered":"https:\/\/www.shuttlezone.ch\/?page_id=5054"},"modified":"2026-05-08T10:35:57","modified_gmt":"2026-05-08T08:35:57","slug":"open_day","status":"publish","type":"page","link":"https:\/\/www.shuttlezone.ch\/index.php\/open_day\/","title":{"rendered":"open_day"},"content":{"rendered":"<div id=\"pl-5054\"  class=\"panel-layout\" ><div id=\"pg-5054-0\"  class=\"panel-grid panel-no-style\" ><div id=\"pgc-5054-0-0\"  class=\"panel-grid-cell\" ><div id=\"panel-5054-0-0-0\" class=\"so-panel widget widget_sow-editor panel-first-child panel-last-child\" data-index=\"0\" ><div\n\t\t\t\n\t\t\tclass=\"so-widget-sow-editor so-widget-sow-editor-base\"\n\t\t\t\n\t\t>\n<div class=\"siteorigin-widget-tinymce textwidget\">\n\t<p><img loading=\"lazy\" class=\"alignnone wp-image-5057 size-full\" src=\"http:\/\/www.shuttlezone.ch\/wp-content\/uploads\/2026\/05\/lagerplatz_2026_szwi_web.png\" alt=\"\" width=\"1224\" height=\"844\" srcset=\"https:\/\/www.shuttlezone.ch\/wp-content\/uploads\/2026\/05\/lagerplatz_2026_szwi_web.png 1224w, https:\/\/www.shuttlezone.ch\/wp-content\/uploads\/2026\/05\/lagerplatz_2026_szwi_web-300x207.png 300w, https:\/\/www.shuttlezone.ch\/wp-content\/uploads\/2026\/05\/lagerplatz_2026_szwi_web-1024x706.png 1024w, https:\/\/www.shuttlezone.ch\/wp-content\/uploads\/2026\/05\/lagerplatz_2026_szwi_web-768x530.png 768w, https:\/\/www.shuttlezone.ch\/wp-content\/uploads\/2026\/05\/lagerplatz_2026_szwi_web-150x103.png 150w, https:\/\/www.shuttlezone.ch\/wp-content\/uploads\/2026\/05\/lagerplatz_2026_szwi_web-31x21.png 31w\" sizes=\"(max-width: 1224px) 100vw, 1224px\" \/><\/p>\n<p>&nbsp;<\/p>\n<p>Bring bitte saubere Hallenschuhe mit und geniess kostenlos Spiel und Spass auf dem Badmintonfeld.<br \/>\nMelde dich einfach am Empfang, unser Personal weist dir ein Feld zu und erkl\u00e4rt dir alles Weitere.<br \/>\nKomm alleine oder zu zweit oder zu ... - wir helfen dir bei der Spielpartnersuche.<br \/>\nBitte habe Verst\u00e4ndnis, wenn wir bei grossem Andrang die Spielzeiten etwas k\u00fcrzen - alle sollen Spass haben.<\/p>\n<p>Wenn du dir deinen Zukunftsbonus auf Gesundheit, Sport und Spass sichern m\u00f6chtest hinterl\u00e4sst du uns einfach deine Kontaktdaten und du erh\u00e4ltst als erstes schon mal 10% Rabatt auf den kompletten Betrag deines n\u00e4chsten Besuches!<\/p>\n<\/div>\n<\/div><\/div><\/div><\/div><\/div>","protected":false},"excerpt":{"rendered":"<p>&nbsp; Bring bitte saubere Hallenschuhe mit und geniess kostenlos Spiel und Spass auf dem Badmintonfeld. Melde dich einfach am Empfang, unser Personal weist dir ein Feld zu und erkl\u00e4rt dir alles Weitere. Komm alleine oder zu zweit oder zu &#8230; &#8211; wir helfen dir bei der Spielpartnersuche. Bitte habe Verst\u00e4ndnis,\u2026<\/p>\n<p class=\"continue-reading-button\"> <a class=\"continue-reading-link\" href=\"https:\/\/www.shuttlezone.ch\/index.php\/open_day\/\">Continue reading<i class=\"crycon-right-dir\"><\/i><\/a><\/p>\n","protected":false},"author":2,"featured_media":0,"parent":0,"menu_order":0,"comment_status":"closed","ping_status":"closed","template":"","meta":[],"_links":{"self":[{"href":"https:\/\/www.shuttlezone.ch\/index.php\/wp-json\/wp\/v2\/pages\/5054"}],"collection":[{"href":"https:\/\/www.shuttlezone.ch\/index.php\/wp-json\/wp\/v2\/pages"}],"about":[{"href":"https:\/\/www.shuttlezone.ch\/index.php\/wp-json\/wp\/v2\/types\/page"}],"author":[{"embeddable":true,"href":"https:\/\/www.shuttlezone.ch\/index.php\/wp-json\/wp\/v2\/users\/2"}],"replies":[{"embeddable":true,"href":"https:\/\/www.shuttlezone.ch\/index.php\/wp-json\/wp\/v2\/comments?post=5054"}],"version-history":[{"count":5,"href":"https:\/\/www.shuttlezone.ch\/index.php\/wp-json\/wp\/v2\/pages\/5054\/revisions"}],"predecessor-version":[{"id":5086,"href":"https:\/\/www.shuttlezone.ch\/index.php\/wp-json\/wp\/v2\/pages\/5054\/revisions\/5086"}],"wp:attachment":[{"href":"https:\/\/www.shuttlezone.ch\/index.php\/wp-json\/wp\/v2\/media?parent=5054"}],"curies":[{"name":"wp","href":"https:\/\/api.w.org\/{rel}","templated":true}]}}