{"id":5016,"date":"2026-04-26T23:02:51","date_gmt":"2026-04-26T21:02:51","guid":{"rendered":"https:\/\/www.shuttlezone.ch\/?page_id=5016"},"modified":"2026-04-26T23:10:28","modified_gmt":"2026-04-26T21:10:28","slug":"tischminton-2","status":"publish","type":"page","link":"https:\/\/www.shuttlezone.ch\/index.php\/tischminton-2\/","title":{"rendered":"tischminton doppel"},"content":{"rendered":"<div id=\"pl-5016\"  class=\"panel-layout\" ><div id=\"pg-5016-0\"  class=\"panel-grid panel-no-style\" ><div id=\"pgc-5016-0-0\"  class=\"panel-grid-cell\" ><div id=\"panel-5016-0-0-0\" class=\"so-panel widget widget_sow-editor panel-first-child panel-last-child\" data-index=\"0\" ><div\n\t\t\t\n\t\t\tclass=\"so-widget-sow-editor so-widget-sow-editor-base\"\n\t\t\t\n\t\t>\n<div class=\"siteorigin-widget-tinymce textwidget\">\n\t<p><img loading=\"lazy\" class=\"alignnone wp-image-5015 size-full\" src=\"http:\/\/www.shuttlezone.ch\/wp-content\/uploads\/2026\/04\/tischminton_26_logo_doppel.png\" alt=\"\" width=\"904\" height=\"484\" srcset=\"https:\/\/www.shuttlezone.ch\/wp-content\/uploads\/2026\/04\/tischminton_26_logo_doppel.png 904w, https:\/\/www.shuttlezone.ch\/wp-content\/uploads\/2026\/04\/tischminton_26_logo_doppel-300x161.png 300w, https:\/\/www.shuttlezone.ch\/wp-content\/uploads\/2026\/04\/tischminton_26_logo_doppel-768x411.png 768w, https:\/\/www.shuttlezone.ch\/wp-content\/uploads\/2026\/04\/tischminton_26_logo_doppel-150x80.png 150w, https:\/\/www.shuttlezone.ch\/wp-content\/uploads\/2026\/04\/tischminton_26_logo_doppel-31x17.png 31w\" sizes=\"(max-width: 904px) 100vw, 904px\" \/><\/p>\n<h5 style=\"text-align: center;\"><span style=\"color: #514090;\"><strong>das coole turnier f\u00fcr menschen mit schnellen reflexen und schnellen beinen<\/strong><\/span><\/h5>\n<\/div>\n<\/div><\/div><\/div><\/div><div id=\"pg-5016-1\"  class=\"panel-grid panel-no-style\" ><div id=\"pgc-5016-1-0\"  class=\"panel-grid-cell\" ><div id=\"panel-5016-1-0-0\" class=\"so-panel widget widget_sow-editor panel-first-child panel-last-child\" data-index=\"1\" ><div class=\"so-rounded panel-widget-style panel-widget-style-for-5016-1-0-0\" ><div\n\t\t\t\n\t\t\tclass=\"so-widget-sow-editor so-widget-sow-editor-base\"\n\t\t\t\n\t\t>\n<div class=\"siteorigin-widget-tinymce textwidget\">\n\t<p><strong>facts<\/strong><\/p>\n<p><strong>datum ??. ?? 2026<\/strong><\/p>\n<p>turniermodus - gruppenspiele mit kreuzvergleich<br \/>\n1 satz tischtennis \/ 1 satz badminton<\/p>\n<p>kategorien - nur eine kategorie<br \/>\nturnier offen f\u00fcr jedermann \/ jederfrau<\/p>\n<p>teilnehmerzahl beschr\u00e4nkt auf 16 teilnehmende<\/p>\n<p>turnierbeginn 12:00 uhr<\/p>\n<p>startgeld 30.- chf (p.P) - wird vor ort bar eingezogen \/ kartenzahlung m\u00f6glich<\/p>\n<\/div>\n<\/div><\/div><\/div><\/div><div id=\"pgc-5016-1-1\"  class=\"panel-grid-cell panel-grid-cell-mobile-last\" ><div id=\"panel-5016-1-1-0\" class=\"so-panel widget widget_sow-editor panel-first-child panel-last-child\" data-index=\"2\" ><div class=\"so-rounded panel-widget-style panel-widget-style-for-5016-1-1-0\" ><div\n\t\t\t\n\t\t\tclass=\"so-widget-sow-editor so-widget-sow-editor-base\"\n\t\t\t\n\t\t>\n<div class=\"siteorigin-widget-tinymce textwidget\">\n\t<p><strong>ZWEI SPORTARTEN - ZWEI PARTNER - ZWEIMAL MEHR SPASS<\/strong><\/p>\n<p>wolltest du schon immer mal ein spezielles turnier spielen?<\/p>\n<p>etwas neues kennenlernen?<\/p>\n<p>gleichgesinnte treffen?<\/p>\n<p>etwas gesundes f\u00fcr kopf und k\u00f6rper tun?<\/p>\n<p>dann bist du bei diesem turnier richtig. nebst der herausforderung ist auch der spass garantiert.<\/p>\n<p>melde dich gleich mit unterstehendem anmeldeformular an.<\/p>\n<p>die anmeldungen werden in der reihenfolge des eingangs ber\u00fccksichtigt<\/p>\n<\/div>\n<\/div><\/div><\/div><\/div><div id=\"pgc-5016-1-2\"  class=\"panel-grid-cell panel-grid-cell-empty\" ><\/div><\/div><div id=\"pg-5016-2\"  class=\"panel-grid panel-no-style\" ><div id=\"pgc-5016-2-0\"  class=\"panel-grid-cell\" ><div id=\"panel-5016-2-0-0\" class=\"so-panel widget widget_sow-editor panel-first-child panel-last-child\" data-index=\"3\" ><div\n\t\t\t\n\t\t\tclass=\"so-widget-sow-editor so-widget-sow-editor-base\"\n\t\t\t\n\t\t>\n<div class=\"siteorigin-widget-tinymce textwidget\">\n\t<table class=\"wp-list-table widefat fixed striped forms\">\n<tbody id=\"the-list\" data-wp-lists=\"list:form\">\n<tr>\n<td class=\"shortcode column-shortcode\" data-colname=\"Shortcode\"><div class=\"wpforms-container wpforms-container-full\" id=\"wpforms-5011\"><form id=\"wpforms-form-5011\" class=\"wpforms-validate wpforms-form\" data-formid=\"5011\" method=\"post\" enctype=\"multipart\/form-data\" action=\"\/index.php\/wp-json\/wp\/v2\/pages\/5016\" data-token=\"2445974504a065713b51cb64763420ce\" data-token-time=\"1777296527\"><noscript class=\"wpforms-error-noscript\">Bitte aktiviere JavaScript in deinem Browser, um dieses Formular fertigzustellen.<\/noscript><div class=\"wpforms-field-container\"><div id=\"wpforms-5011-field_0-container\" class=\"wpforms-field wpforms-field-name\" data-field-id=\"0\"><label class=\"wpforms-field-label\">Name <span class=\"wpforms-required-label\">*<\/span><\/label><div class=\"wpforms-field-row wpforms-field-medium\"><div class=\"wpforms-field-row-block wpforms-first wpforms-one-half\"><input type=\"text\" id=\"wpforms-5011-field_0\" class=\"wpforms-field-name-first wpforms-field-required\" name=\"wpforms[fields][0][first]\" required><label for=\"wpforms-5011-field_0\" class=\"wpforms-field-sublabel after\">Vorname<\/label><\/div><div class=\"wpforms-field-row-block wpforms-one-half\"><input type=\"text\" id=\"wpforms-5011-field_0-last\" class=\"wpforms-field-name-last wpforms-field-required\" name=\"wpforms[fields][0][last]\" required><label for=\"wpforms-5011-field_0-last\" class=\"wpforms-field-sublabel after\">Nachname<\/label><\/div><\/div><\/div><div id=\"wpforms-5011-field_7-container\" class=\"wpforms-field wpforms-field-checkbox wpforms-list-inline\" data-field-id=\"7\"><label class=\"wpforms-field-label\">ich bin: <span class=\"wpforms-required-label\">*<\/span><\/label><ul id=\"wpforms-5011-field_7\" class=\"wpforms-field-required\"><li class=\"choice-1 depth-1\"><input type=\"checkbox\" id=\"wpforms-5011-field_7_1\" name=\"wpforms[fields][7][]\" value=\"Frau\" required ><label class=\"wpforms-field-label-inline\" for=\"wpforms-5011-field_7_1\">Frau<\/label><\/li><li class=\"choice-2 depth-1\"><input type=\"checkbox\" id=\"wpforms-5011-field_7_2\" name=\"wpforms[fields][7][]\" value=\"Mann\" required ><label class=\"wpforms-field-label-inline\" for=\"wpforms-5011-field_7_2\">Mann<\/label><\/li><\/ul><\/div><div id=\"wpforms-5011-field_3-container\" class=\"wpforms-field wpforms-field-textarea\" data-field-id=\"3\"><label class=\"wpforms-field-label\" for=\"wpforms-5011-field_3\">Adressangaben<\/label><textarea id=\"wpforms-5011-field_3\" class=\"wpforms-field-medium\" name=\"wpforms[fields][3]\" placeholder=\"Geben sie hier ihre Adressangaben ein\" ><\/textarea><div class=\"wpforms-field-description\">Strasse, PLZ, Ort, Mobilenummer f\u00fcr kurzfristige Status\u00e4nderungen<\/div><\/div><div id=\"wpforms-5011-field_1-container\" class=\"wpforms-field wpforms-field-email\" data-field-id=\"1\"><label class=\"wpforms-field-label\" for=\"wpforms-5011-field_1\">E-Mail <span class=\"wpforms-required-label\">*<\/span><\/label><input type=\"email\" id=\"wpforms-5011-field_1\" class=\"wpforms-field-medium wpforms-field-required\" name=\"wpforms[fields][1]\" spellcheck=\"false\" required><\/div><div id=\"wpforms-5011-field_13-container\" class=\"wpforms-field wpforms-field-text\" data-field-id=\"13\"><label class=\"wpforms-field-label\" for=\"wpforms-5011-field_13\">Name Vorname DoppelpartnerIn <span class=\"wpforms-required-label\">*<\/span><\/label><input type=\"text\" id=\"wpforms-5011-field_13\" class=\"wpforms-field-medium wpforms-field-required\" name=\"wpforms[fields][13]\" required><div class=\"wpforms-field-description\">Es wird lediglich die Anmeldeperson angeschrieben.\r\nBitte den\/die DoppelpartnerIn informieren. Danke.<\/div><\/div><div id=\"wpforms-5011-field_8-container\" class=\"wpforms-field wpforms-field-checkbox\" data-field-id=\"8\"><label class=\"wpforms-field-label\">Teilnahme <span class=\"wpforms-required-label\">*<\/span><\/label><ul id=\"wpforms-5011-field_8\" class=\"wpforms-field-required\"><li class=\"choice-1 depth-1\"><input type=\"checkbox\" id=\"wpforms-5011-field_8_1\" name=\"wpforms[fields][8][]\" value=\"gerne nehme ich am tischminton-doppel-turnier teil teil\" required ><label class=\"wpforms-field-label-inline\" for=\"wpforms-5011-field_8_1\">gerne nehme ich am tischminton-doppel-turnier teil teil<\/label><\/li><\/ul><div class=\"wpforms-field-description\">die anmeldungen werden in der reihenfolge des eingangs ber\u00fccksichtigt - du erh\u00e4ltst eine best\u00e4tigung<\/div><\/div><div id=\"wpforms-5011-field_12-container\" class=\"wpforms-field wpforms-field-gdpr-checkbox\" data-field-id=\"12\"><label class=\"wpforms-field-label\">DSGVO-Einverst\u00e4ndnis <span class=\"wpforms-required-label\">*<\/span><\/label><ul id=\"wpforms-5011-field_12\" class=\"wpforms-field-required\"><li class=\"choice-1\"><input type=\"checkbox\" id=\"wpforms-5011-field_12_1\" name=\"wpforms[fields][12][]\" value=\"Ich willige ein, dass diese Website meine \u00fcbermittelten Informationen speichert, sodass meine Anfrage beantwortet werden kann.\" required ><label class=\"wpforms-field-label-inline\" for=\"wpforms-5011-field_12_1\">Ich willige ein, dass diese Website meine \u00fcbermittelten Informationen speichert, sodass meine Anfrage beantwortet werden kann.<\/label><\/li><\/ul><\/div><div id=\"wpforms-5011-field_2-container\" class=\"wpforms-field wpforms-field-textarea\" data-field-id=\"2\"><label class=\"wpforms-field-label\" for=\"wpforms-5011-field_2\">Kommentar oder Nachricht<\/label><textarea id=\"wpforms-5011-field_2\" class=\"wpforms-field-medium\" name=\"wpforms[fields][2]\" ><\/textarea><\/div><\/div><!-- .wpforms-field-container --><div class=\"wpforms-field wpforms-field-hp\"><label for=\"wpforms-5011-field-hp\" class=\"wpforms-field-label\">Phone<\/label><input type=\"text\" name=\"wpforms[hp]\" id=\"wpforms-5011-field-hp\" class=\"wpforms-field-medium\"><\/div><div class=\"wpforms-recaptcha-container wpforms-is-recaptcha wpforms-is-recaptcha-type-invisible\" ><div class=\"g-recaptcha\" data-sitekey=\"6LfeFukUAAAAAM-O3tZr699vfvmOG_mazd1pNAtT\" data-size=\"invisible\"><\/div><\/div><div class=\"wpforms-submit-container\" ><input type=\"hidden\" name=\"wpforms[id]\" value=\"5011\"><input type=\"hidden\" name=\"page_title\" value=\"\"><input type=\"hidden\" name=\"page_url\" value=\"https:\/\/www.shuttlezone.ch\/index.php\/wp-json\/wp\/v2\/pages\/5016\"><input type=\"hidden\" name=\"url_referer\" value=\"\"><button type=\"submit\" name=\"wpforms[submit]\" id=\"wpforms-submit-5011\" class=\"wpforms-submit\" aria-live=\"assertive\" value=\"wpforms-submit\">Absenden<\/button><\/div><\/form><\/div>  <!-- .wpforms-container --><\/td>\n<\/tr>\n<\/tbody>\n<\/table>\n<\/div>\n<\/div><\/div><\/div><\/div><\/div>","protected":false},"excerpt":{"rendered":"<p>das coole turnier f\u00fcr menschen mit schnellen reflexen und schnellen beinen facts datum ??. ?? 2026 turniermodus &#8211; gruppenspiele mit kreuzvergleich 1 satz tischtennis \/ 1 satz badminton kategorien &#8211; nur eine kategorie turnier offen f\u00fcr jedermann \/ jederfrau teilnehmerzahl beschr\u00e4nkt auf 16 teilnehmende turnierbeginn 12:00 uhr startgeld 30.- chf\u2026<\/p>\n<p class=\"continue-reading-button\"> <a class=\"continue-reading-link\" href=\"https:\/\/www.shuttlezone.ch\/index.php\/tischminton-2\/\">Continue reading<i class=\"crycon-right-dir\"><\/i><\/a><\/p>\n","protected":false},"author":2,"featured_media":0,"parent":0,"menu_order":0,"comment_status":"closed","ping_status":"closed","template":"","meta":[],"_links":{"self":[{"href":"https:\/\/www.shuttlezone.ch\/index.php\/wp-json\/wp\/v2\/pages\/5016"}],"collection":[{"href":"https:\/\/www.shuttlezone.ch\/index.php\/wp-json\/wp\/v2\/pages"}],"about":[{"href":"https:\/\/www.shuttlezone.ch\/index.php\/wp-json\/wp\/v2\/types\/page"}],"author":[{"embeddable":true,"href":"https:\/\/www.shuttlezone.ch\/index.php\/wp-json\/wp\/v2\/users\/2"}],"replies":[{"embeddable":true,"href":"https:\/\/www.shuttlezone.ch\/index.php\/wp-json\/wp\/v2\/comments?post=5016"}],"version-history":[{"count":8,"href":"https:\/\/www.shuttlezone.ch\/index.php\/wp-json\/wp\/v2\/pages\/5016\/revisions"}],"predecessor-version":[{"id":5024,"href":"https:\/\/www.shuttlezone.ch\/index.php\/wp-json\/wp\/v2\/pages\/5016\/revisions\/5024"}],"wp:attachment":[{"href":"https:\/\/www.shuttlezone.ch\/index.php\/wp-json\/wp\/v2\/media?parent=5016"}],"curies":[{"name":"wp","href":"https:\/\/api.w.org\/{rel}","templated":true}]}}