{"id":4095,"date":"2024-01-21T11:50:36","date_gmt":"2024-01-21T10:50:36","guid":{"rendered":"https:\/\/www.shuttlezone.ch\/?page_id=4095"},"modified":"2024-01-21T12:11:55","modified_gmt":"2024-01-21T11:11:55","slug":"ballmaschine-szwe-2","status":"publish","type":"page","link":"https:\/\/www.shuttlezone.ch\/index.php\/ballmaschine-szwe-2\/","title":{"rendered":"ballmaschine szwe 24"},"content":{"rendered":"<div id=\"pl-4095\"  class=\"panel-layout\" ><div id=\"pg-4095-0\"  class=\"panel-grid panel-no-style\" ><div id=\"pgc-4095-0-0\"  class=\"panel-grid-cell\" ><div id=\"panel-4095-0-0-0\" class=\"so-panel widget widget_sow-editor panel-first-child panel-last-child\" data-index=\"0\" ><div\n\t\t\t\n\t\t\tclass=\"so-widget-sow-editor so-widget-sow-editor-base\"\n\t\t\t\n\t\t>\n<div class=\"siteorigin-widget-tinymce textwidget\">\n\t<p>Training mit der Ballmaschine - effizient - partnerunabh\u00e4ngig - flexibel<\/p>\n<\/div>\n<\/div><\/div><\/div><\/div><div id=\"pg-4095-1\"  class=\"panel-grid panel-no-style\" ><div id=\"pgc-4095-1-0\"  class=\"panel-grid-cell\" ><div id=\"panel-4095-1-0-0\" class=\"so-panel widget widget_sow-image panel-first-child panel-last-child\" data-index=\"1\" ><div\n\t\t\t\n\t\t\tclass=\"so-widget-sow-image so-widget-sow-image-default-8b5b6f678277-4095\"\n\t\t\t\n\t\t>\n<div class=\"sow-image-container\">\n\t\t<img \n\tsrc=\"https:\/\/www.shuttlezone.ch\/wp-content\/uploads\/2021\/04\/ballm_syl_210415_v1.png\" width=\"1960\" height=\"4032\" srcset=\"https:\/\/www.shuttlezone.ch\/wp-content\/uploads\/2021\/04\/ballm_syl_210415_v1.png 1960w, https:\/\/www.shuttlezone.ch\/wp-content\/uploads\/2021\/04\/ballm_syl_210415_v1-146x300.png 146w, https:\/\/www.shuttlezone.ch\/wp-content\/uploads\/2021\/04\/ballm_syl_210415_v1-768x1580.png 768w, https:\/\/www.shuttlezone.ch\/wp-content\/uploads\/2021\/04\/ballm_syl_210415_v1-498x1024.png 498w, https:\/\/www.shuttlezone.ch\/wp-content\/uploads\/2021\/04\/ballm_syl_210415_v1-73x150.png 73w, https:\/\/www.shuttlezone.ch\/wp-content\/uploads\/2021\/04\/ballm_syl_210415_v1-13x27.png 13w\" sizes=\"(max-width: 1960px) 100vw, 1960px\" alt=\"\" loading=\"lazy\" \t\tclass=\"so-widget-image\"\/>\n\t<\/div>\n\n<\/div><\/div><\/div><div id=\"pgc-4095-1-1\"  class=\"panel-grid-cell\" ><div id=\"panel-4095-1-1-0\" class=\"so-panel widget widget_sow-editor panel-first-child panel-last-child\" data-index=\"2\" ><div\n\t\t\t\n\t\t\tclass=\"so-widget-sow-editor so-widget-sow-editor-base\"\n\t\t\t\n\t\t>\n<div class=\"siteorigin-widget-tinymce textwidget\">\n\t<p><img loading=\"lazy\" class=\"alignright wp-image-3491 size-full\" src=\"http:\/\/www.shuttlezone.ch\/wp-content\/uploads\/2022\/09\/q_1.png\" alt=\"\" width=\"199\" height=\"165\" srcset=\"https:\/\/www.shuttlezone.ch\/wp-content\/uploads\/2022\/09\/q_1.png 199w, https:\/\/www.shuttlezone.ch\/wp-content\/uploads\/2022\/09\/q_1-150x124.png 150w, https:\/\/www.shuttlezone.ch\/wp-content\/uploads\/2022\/09\/q_1-31x27.png 31w\" sizes=\"(max-width: 199px) 100vw, 199px\" \/><\/p>\n<p>m\u00f6chtest du einzelne f\u00e4higkeiten in deinem technischen badmintonspiel verbessern?<br \/>\nm\u00f6chtest einzelne teilelemente deiner schl\u00e4ge automatisieren \/ stabilisieren?<\/p>\n<p>unsere badmintonlehrerin sylvia zeigt dir gerne alles rund ums training mit der ballmaschine<\/p>\n<p>und hier noch der butler<\/p>\n<p>&nbsp;<\/p>\n<div style=\"width: 950px;\" class=\"wp-video\"><!--[if lt IE 9]><script>document.createElement('video');<\/script><![endif]-->\n<video class=\"wp-video-shortcode\" id=\"video-4095-1\" width=\"950\" height=\"534\" preload=\"metadata\" controls=\"controls\"><source type=\"video\/mp4\" src=\"http:\/\/www.shuttlezone.ch\/wp-content\/uploads\/2021\/04\/ballmasch_v210415_v1.mp4?_=1\" \/><a href=\"http:\/\/www.shuttlezone.ch\/wp-content\/uploads\/2021\/04\/ballmasch_v210415_v1.mp4\">http:\/\/www.shuttlezone.ch\/wp-content\/uploads\/2021\/04\/ballmasch_v210415_v1.mp4<\/a><\/video><\/div>\n<\/div>\n<\/div><\/div><\/div><div id=\"pgc-4095-1-2\"  class=\"panel-grid-cell panel-grid-cell-empty panel-grid-cell-mobile-last\" ><\/div><div id=\"pgc-4095-1-3\"  class=\"panel-grid-cell panel-grid-cell-empty\" ><\/div><\/div><div id=\"pg-4095-2\"  class=\"panel-grid panel-no-style\" ><div id=\"pgc-4095-2-0\"  class=\"panel-grid-cell panel-grid-cell-mobile-last\" ><div id=\"panel-4095-2-0-0\" class=\"so-panel widget widget_sow-editor panel-first-child panel-last-child\" data-index=\"3\" ><div\n\t\t\t\n\t\t\tclass=\"so-widget-sow-editor so-widget-sow-editor-base\"\n\t\t\t\n\t\t>\n<div class=\"siteorigin-widget-tinymce textwidget\">\n\t<p>hier die angebote<\/p>\n<table style=\"width: 20%,70%,10%; border-collapse: collapse; border: 10px solid; border-color: #ef0e0e; border-style: groove; background-color: #ebf2f5;\" border=\"1\">\n<tbody>\n<tr>\n<td style=\"width: 84.517px;\">wochentag<\/td>\n<td style=\"width: 435.014px;\">inhalt<\/td>\n<td style=\"width: 234.531px;\">preis<\/td>\n<\/tr>\n<tr>\n<td style=\"width: 84.517px;\">montag<\/td>\n<td style=\"width: 435.014px;\">platzmiete mit ballmaschine<br \/>\n(eigene shuttles mitbringen)<\/td>\n<td style=\"width: 234.531px;\">58.00<\/td>\n<\/tr>\n<tr>\n<td style=\"width: 84.517px;\">montag<\/td>\n<td style=\"width: 435.014px;\">platzmiete mit ballmaschine und betreuung und centershuttles<\/td>\n<td style=\"width: 234.531px;\">96.00<\/td>\n<\/tr>\n<tr>\n<td style=\"width: 134.517px;\">dienstag<\/td>\n<td style=\"width: 335.014px;\">platzmiete mit ballmaschine<\/td>\n<td style=\"width: 234.531px;\">58.00<\/td>\n<\/tr>\n<tr>\n<td style=\"width: 234.517px;\">dienstag<\/td>\n<td style=\"width: 235.014px;\">platzmiete mit ballmaschine und betreuung<\/td>\n<td style=\"width: 234.531px;\">96.00<\/td>\n<\/tr>\n<\/tbody>\n<\/table>\n<p>benutzung ohne betreuung nur m\u00f6glich nach erfolgter einf\u00fchrungsstunde<br \/>\n(kontaktaufnahme bitte \u00fcber untenstehendes formular)<\/p>\n<\/div>\n<\/div><\/div><\/div><div id=\"pgc-4095-2-1\"  class=\"panel-grid-cell panel-grid-cell-empty\" ><\/div><\/div><div id=\"pg-4095-3\"  class=\"panel-grid panel-no-style\" ><div id=\"pgc-4095-3-0\"  class=\"panel-grid-cell panel-grid-cell-mobile-last\" ><div id=\"panel-4095-3-0-0\" class=\"so-panel widget widget_sow-editor panel-first-child panel-last-child\" data-index=\"4\" ><div\n\t\t\t\n\t\t\tclass=\"so-widget-sow-editor so-widget-sow-editor-base\"\n\t\t\t\n\t\t>\n<div class=\"siteorigin-widget-tinymce textwidget\">\n\t<p>formular<\/p>\n<table class=\"wp-list-table widefat fixed striped forms\">\n<tbody id=\"the-list\" data-wp-lists=\"list:form\">\n<tr>\n<td class=\"shortcode column-shortcode\" data-colname=\"Shortcode\"><div class=\"wpforms-container wpforms-container-full\" id=\"wpforms-4099\"><form id=\"wpforms-form-4099\" class=\"wpforms-validate wpforms-form\" data-formid=\"4099\" method=\"post\" enctype=\"multipart\/form-data\" action=\"\/index.php\/wp-json\/wp\/v2\/pages\/4095\" data-token=\"301c5c99032d9d373f927251a29ec498\" data-token-time=\"1776501216\"><noscript class=\"wpforms-error-noscript\">Bitte aktiviere JavaScript in deinem Browser, um dieses Formular fertigzustellen.<\/noscript><div class=\"wpforms-field-container\"><div id=\"wpforms-4099-field_0-container\" class=\"wpforms-field wpforms-field-name\" data-field-id=\"0\"><label class=\"wpforms-field-label\">Name <span class=\"wpforms-required-label\">*<\/span><\/label><div class=\"wpforms-field-row wpforms-field-medium\"><div class=\"wpforms-field-row-block wpforms-first wpforms-one-half\"><input type=\"text\" id=\"wpforms-4099-field_0\" class=\"wpforms-field-name-first wpforms-field-required\" name=\"wpforms[fields][0][first]\" required><label for=\"wpforms-4099-field_0\" class=\"wpforms-field-sublabel after\">Vorname<\/label><\/div><div class=\"wpforms-field-row-block wpforms-one-half\"><input type=\"text\" id=\"wpforms-4099-field_0-last\" class=\"wpforms-field-name-last wpforms-field-required\" name=\"wpforms[fields][0][last]\" required><label for=\"wpforms-4099-field_0-last\" class=\"wpforms-field-sublabel after\">Nachname<\/label><\/div><\/div><\/div><div id=\"wpforms-4099-field_3-container\" class=\"wpforms-field wpforms-field-textarea\" data-field-id=\"3\"><label class=\"wpforms-field-label\" for=\"wpforms-4099-field_3\">Adressangaben<\/label><textarea id=\"wpforms-4099-field_3\" class=\"wpforms-field-medium\" name=\"wpforms[fields][3]\" placeholder=\"Geben sie hier ihre Adressangaben ein, wir verwenden sie als Fakturaadresse\" ><\/textarea><div class=\"wpforms-field-description\">Strasse, PLZ, Ort, Mobilenummer f\u00fcr kurzfristige Status\u00e4nderungen<\/div><\/div><div id=\"wpforms-4099-field_1-container\" class=\"wpforms-field wpforms-field-email\" data-field-id=\"1\"><label class=\"wpforms-field-label\" for=\"wpforms-4099-field_1\">E-Mail <span class=\"wpforms-required-label\">*<\/span><\/label><input type=\"email\" id=\"wpforms-4099-field_1\" class=\"wpforms-field-medium wpforms-field-required\" name=\"wpforms[fields][1]\" spellcheck=\"false\" required><\/div><div id=\"wpforms-4099-field_12-container\" class=\"wpforms-field wpforms-field-checkbox\" data-field-id=\"12\"><label class=\"wpforms-field-label\">gerne w\u00fcrde ich mit dem shuttlebutler trainieren <span class=\"wpforms-required-label\">*<\/span><\/label><ul id=\"wpforms-4099-field_12\" class=\"wpforms-field-required\"><li class=\"choice-2 depth-1\"><input type=\"checkbox\" id=\"wpforms-4099-field_12_2\" name=\"wpforms[fields][12][]\" value=\"montag mit einf\u00fchrungskurs (96.- CHF)\" required ><label class=\"wpforms-field-label-inline\" for=\"wpforms-4099-field_12_2\">montag mit einf\u00fchrungskurs (96.- CHF)<\/label><\/li><li class=\"choice-3 depth-1\"><input type=\"checkbox\" id=\"wpforms-4099-field_12_3\" name=\"wpforms[fields][12][]\" value=\"montag ohne einf\u00fchrungskurs (58.-CHF)\" required ><label class=\"wpforms-field-label-inline\" for=\"wpforms-4099-field_12_3\">montag ohne einf\u00fchrungskurs (58.-CHF)<\/label><\/li><li class=\"choice-4 depth-1\"><input type=\"checkbox\" id=\"wpforms-4099-field_12_4\" name=\"wpforms[fields][12][]\" value=\"dienstag mit einf\u00fchrungskurs (96.-CHF)\" required ><label class=\"wpforms-field-label-inline\" for=\"wpforms-4099-field_12_4\">dienstag mit einf\u00fchrungskurs (96.-CHF)<\/label><\/li><li class=\"choice-5 depth-1\"><input type=\"checkbox\" id=\"wpforms-4099-field_12_5\" name=\"wpforms[fields][12][]\" value=\"dienstag ohne einf\u00fchrungskurs (58.-CHF)\" required ><label class=\"wpforms-field-label-inline\" for=\"wpforms-4099-field_12_5\">dienstag ohne einf\u00fchrungskurs (58.-CHF)<\/label><\/li><\/ul><\/div><div id=\"wpforms-4099-field_18-container\" class=\"wpforms-field wpforms-field-gdpr-checkbox\" data-field-id=\"18\"><label class=\"wpforms-field-label\">DSGVO-Einverst\u00e4ndnis <span class=\"wpforms-required-label\">*<\/span><\/label><ul id=\"wpforms-4099-field_18\" class=\"wpforms-field-required\"><li class=\"choice-1\"><input type=\"checkbox\" id=\"wpforms-4099-field_18_1\" name=\"wpforms[fields][18][]\" value=\"Ich willige ein, dass diese Website meine \u00fcbermittelten Informationen speichert, sodass meine Anfrage beantwortet werden kann.\" required ><label class=\"wpforms-field-label-inline\" for=\"wpforms-4099-field_18_1\">Ich willige ein, dass diese Website meine \u00fcbermittelten Informationen speichert, sodass meine Anfrage beantwortet werden kann.<\/label><\/li><\/ul><\/div><div id=\"wpforms-4099-field_2-container\" class=\"wpforms-field wpforms-field-textarea\" data-field-id=\"2\"><label class=\"wpforms-field-label\" for=\"wpforms-4099-field_2\">erg\u00e4nzende kommentare, hinweise, fragen<\/label><textarea id=\"wpforms-4099-field_2\" class=\"wpforms-field-medium\" name=\"wpforms[fields][2]\" ><\/textarea><\/div><\/div><!-- .wpforms-field-container --><div class=\"wpforms-field wpforms-field-hp\"><label for=\"wpforms-4099-field-hp\" class=\"wpforms-field-label\">Phone<\/label><input type=\"text\" name=\"wpforms[hp]\" id=\"wpforms-4099-field-hp\" class=\"wpforms-field-medium\"><\/div><div class=\"wpforms-submit-container\" ><input type=\"hidden\" name=\"wpforms[id]\" value=\"4099\"><input type=\"hidden\" name=\"page_title\" value=\"\"><input type=\"hidden\" name=\"page_url\" value=\"https:\/\/www.shuttlezone.ch\/index.php\/wp-json\/wp\/v2\/pages\/4095\"><input type=\"hidden\" name=\"url_referer\" value=\"\"><button type=\"submit\" name=\"wpforms[submit]\" id=\"wpforms-submit-4099\" class=\"wpforms-submit\" aria-live=\"assertive\" value=\"wpforms-submit\">Absenden<\/button><\/div><\/form><\/div>  <!-- .wpforms-container --><\/td>\n<\/tr>\n<\/tbody>\n<\/table>\n<\/div>\n<\/div><\/div><\/div><div id=\"pgc-4095-3-1\"  class=\"panel-grid-cell panel-grid-cell-empty\" ><\/div><\/div><\/div>","protected":false},"excerpt":{"rendered":"<p>Training mit der Ballmaschine &#8211; effizient &#8211; partnerunabh\u00e4ngig &#8211; flexibel m\u00f6chtest du einzelne f\u00e4higkeiten in deinem technischen badmintonspiel verbessern? m\u00f6chtest einzelne teilelemente deiner schl\u00e4ge automatisieren \/ stabilisieren? unsere badmintonlehrerin sylvia zeigt dir gerne alles rund ums training mit der ballmaschine und hier noch der butler &nbsp;<\/p>\n<p class=\"continue-reading-button\"> <a class=\"continue-reading-link\" href=\"https:\/\/www.shuttlezone.ch\/index.php\/ballmaschine-szwe-2\/\">Continue reading<i class=\"crycon-right-dir\"><\/i><\/a><\/p>\n","protected":false},"author":2,"featured_media":0,"parent":0,"menu_order":0,"comment_status":"closed","ping_status":"closed","template":"","meta":[],"_links":{"self":[{"href":"https:\/\/www.shuttlezone.ch\/index.php\/wp-json\/wp\/v2\/pages\/4095"}],"collection":[{"href":"https:\/\/www.shuttlezone.ch\/index.php\/wp-json\/wp\/v2\/pages"}],"about":[{"href":"https:\/\/www.shuttlezone.ch\/index.php\/wp-json\/wp\/v2\/types\/page"}],"author":[{"embeddable":true,"href":"https:\/\/www.shuttlezone.ch\/index.php\/wp-json\/wp\/v2\/users\/2"}],"replies":[{"embeddable":true,"href":"https:\/\/www.shuttlezone.ch\/index.php\/wp-json\/wp\/v2\/comments?post=4095"}],"version-history":[{"count":11,"href":"https:\/\/www.shuttlezone.ch\/index.php\/wp-json\/wp\/v2\/pages\/4095\/revisions"}],"predecessor-version":[{"id":4109,"href":"https:\/\/www.shuttlezone.ch\/index.php\/wp-json\/wp\/v2\/pages\/4095\/revisions\/4109"}],"wp:attachment":[{"href":"https:\/\/www.shuttlezone.ch\/index.php\/wp-json\/wp\/v2\/media?parent=4095"}],"curies":[{"name":"wp","href":"https:\/\/api.w.org\/{rel}","templated":true}]}}