{"id":26,"date":"2016-09-30T18:20:23","date_gmt":"2016-09-30T16:20:23","guid":{"rendered":"http:\/\/www.wha.ch\/shuttle\/?page_id=26"},"modified":"2026-03-18T19:50:50","modified_gmt":"2026-03-18T18:50:50","slug":"winterthur","status":"publish","type":"page","link":"https:\/\/www.shuttlezone.ch\/index.php\/winterthur\/","title":{"rendered":"winterthur"},"content":{"rendered":"<div id=\"pl-26\"  class=\"panel-layout\" ><div id=\"pg-26-0\"  class=\"panel-grid panel-no-style\" ><div id=\"pgc-26-0-0\"  class=\"panel-grid-cell\" ><div id=\"panel-26-0-0-0\" class=\"so-panel widget widget_sow-editor panel-first-child panel-last-child\" data-index=\"0\" ><div\n\t\t\t\n\t\t\tclass=\"so-widget-sow-editor so-widget-sow-editor-base\"\n\t\t\t\n\t\t>\n<div class=\"siteorigin-widget-tinymce textwidget\">\n\t<h3 id=\"pageName\"><span class=\"titel\"><br \/>\ndie badminton spitzenhalle im pulsierenden lagerplatz, mitten in der stadt winterthur: willkommen in der shuttlezone !<br \/>\n<\/span><\/h3>\n<div id=\"breadCrumb\"><span class='tooltipsall tooltip_post_id_648 classtoolTips2'>\u00d6ffnungszeiten Winterthur<\/span><\/div>\n<div><span style=\"color: #ffffff;\">:<\/span><\/div>\n<div><\/div>\n<div><\/div>\n<div><strong><span style=\"color: #ff0000;\">jetzt aktuell in winterthur<\/span><\/strong><\/div>\n<div><\/div>\n<div><span style=\"color: #ffffff;\">:<\/span><\/div>\n<\/div>\n<\/div><\/div><\/div><\/div><div id=\"pg-26-1\"  class=\"panel-grid panel-no-style\" ><div id=\"pgc-26-1-0\"  class=\"panel-grid-cell panel-grid-cell-empty\" ><\/div><div id=\"pgc-26-1-1\"  class=\"panel-grid-cell\" ><div id=\"panel-26-1-1-0\" class=\"so-panel widget widget_sow-button panel-first-child panel-last-child\" data-index=\"1\" ><div\n\t\t\t\n\t\t\tclass=\"so-widget-sow-button so-widget-sow-button-atom-541df9f2eefd-26\"\n\t\t\t\n\t\t><div class=\"ow-button-base ow-button-align-center\"\n>\n\t\t\t<a\n\t\t\t\t\thref=\"https:\/\/www.shuttlezone.ch\/index.php\/beispiel-seite-2-3\/\"\n\t\t\t\t\tclass=\"sowb-button ow-icon-placement-left ow-button-hover\" \t>\n\t\t<span>\n\t\t\t\n\t\t\tlunch time badminton  - Mo und Mi special\t\t<\/span>\n\t\t\t<\/a>\n\t<\/div>\n<\/div><\/div><\/div><div id=\"pgc-26-1-2\"  class=\"panel-grid-cell\" ><div id=\"panel-26-1-2-0\" class=\"so-panel widget widget_sow-button panel-first-child panel-last-child\" data-index=\"2\" ><div\n\t\t\t\n\t\t\tclass=\"so-widget-sow-button so-widget-sow-button-atom-541df9f2eefd-26\"\n\t\t\t\n\t\t><div class=\"ow-button-base ow-button-align-center\"\n>\n\t\t\t<a\n\t\t\t\t\thref=\"https:\/\/www.shuttlezone.ch\/index.php\/anm_mittwochskurs\/\"\n\t\t\t\t\tclass=\"sowb-button ow-icon-placement-left ow-button-hover\" \t>\n\t\t<span>\n\t\t\t\n\t\t\toffener kurs am mittwoch\t\t<\/span>\n\t\t\t<\/a>\n\t<\/div>\n<\/div><\/div><\/div><div id=\"pgc-26-1-3\"  class=\"panel-grid-cell\" ><div id=\"panel-26-1-3-0\" class=\"so-panel widget widget_sow-editor panel-first-child panel-last-child\" data-index=\"3\" ><div class=\"panel-widget-style panel-widget-style-for-26-1-3-0\" ><div\n\t\t\t\n\t\t\tclass=\"so-widget-sow-editor so-widget-sow-editor-base\"\n\t\t\t\n\t\t>\n<div class=\"siteorigin-widget-tinymce textwidget\">\n\t<p style=\"text-align: center; color: #ffffff;\"><strong>z\u00e4me gsund<\/strong><br \/>\n<strong>z\u00e4me schwitz<\/strong><br \/>\n<strong>z\u00e4me badminton<\/strong><\/p>\n<\/div>\n<\/div><\/div><\/div><\/div><\/div><div id=\"pg-26-2\"  class=\"panel-grid panel-no-style\" ><div id=\"pgc-26-2-0\"  class=\"panel-grid-cell\" ><div id=\"panel-26-2-0-0\" class=\"so-panel widget widget_sow-editor panel-first-child\" data-index=\"4\" ><div\n\t\t\t\n\t\t\tclass=\"so-widget-sow-editor so-widget-sow-editor-base\"\n\t\t\t\n\t\t>\n<div class=\"siteorigin-widget-tinymce textwidget\">\n\t<p><a href=\"https:\/\/www.shuttlezone.ch\/index.php\/chlaus-turnier-2-2\/\"><img loading=\"lazy\" class=\"alignnone wp-image-4962 size-full\" src=\"http:\/\/www.shuttlezone.ch\/wp-content\/uploads\/2026\/01\/260329_elki_1.png\" alt=\"\" width=\"900\" height=\"575\" srcset=\"https:\/\/www.shuttlezone.ch\/wp-content\/uploads\/2026\/01\/260329_elki_1.png 900w, https:\/\/www.shuttlezone.ch\/wp-content\/uploads\/2026\/01\/260329_elki_1-300x192.png 300w, https:\/\/www.shuttlezone.ch\/wp-content\/uploads\/2026\/01\/260329_elki_1-768x491.png 768w, https:\/\/www.shuttlezone.ch\/wp-content\/uploads\/2026\/01\/260329_elki_1-150x96.png 150w, https:\/\/www.shuttlezone.ch\/wp-content\/uploads\/2026\/01\/260329_elki_1-31x20.png 31w\" sizes=\"(max-width: 900px) 100vw, 900px\" \/><\/a><\/p>\n<\/div>\n<\/div><\/div><div id=\"panel-26-2-0-1\" class=\"so-panel widget widget_sow-editor panel-last-child\" data-index=\"5\" ><div\n\t\t\t\n\t\t\tclass=\"so-widget-sow-editor so-widget-sow-editor-base\"\n\t\t\t\n\t\t>\n<div class=\"siteorigin-widget-tinymce textwidget\">\n\t<p><a href=\"https:\/\/www.shuttlezone.ch\/index.php\/mixed-turnier-3-2\/\"><img loading=\"lazy\" class=\"alignnone wp-image-4990 size-full\" src=\"http:\/\/www.shuttlezone.ch\/wp-content\/uploads\/2026\/03\/260607_doppel_1.png\" alt=\"\" width=\"900\" height=\"575\" srcset=\"https:\/\/www.shuttlezone.ch\/wp-content\/uploads\/2026\/03\/260607_doppel_1.png 900w, https:\/\/www.shuttlezone.ch\/wp-content\/uploads\/2026\/03\/260607_doppel_1-300x192.png 300w, https:\/\/www.shuttlezone.ch\/wp-content\/uploads\/2026\/03\/260607_doppel_1-768x491.png 768w, https:\/\/www.shuttlezone.ch\/wp-content\/uploads\/2026\/03\/260607_doppel_1-150x96.png 150w, https:\/\/www.shuttlezone.ch\/wp-content\/uploads\/2026\/03\/260607_doppel_1-31x20.png 31w\" sizes=\"(max-width: 900px) 100vw, 900px\" \/><\/a><\/p>\n<\/div>\n<\/div><\/div><\/div><div id=\"pgc-26-2-1\"  class=\"panel-grid-cell\" ><div id=\"panel-26-2-1-0\" class=\"so-panel widget widget_sow-editor panel-first-child panel-last-child\" data-index=\"6\" ><div\n\t\t\t\n\t\t\tclass=\"so-widget-sow-editor so-widget-sow-editor-base\"\n\t\t\t\n\t\t>\n<div class=\"siteorigin-widget-tinymce textwidget\">\n\t<p><img loading=\"lazy\" class=\"alignnone wp-image-4893 size-large\" src=\"http:\/\/www.shuttlezone.ch\/wp-content\/uploads\/2025\/12\/mittagskurs_2026_offen-724x1024.png\" alt=\"\" width=\"724\" height=\"1024\" srcset=\"https:\/\/www.shuttlezone.ch\/wp-content\/uploads\/2025\/12\/mittagskurs_2026_offen-724x1024.png 724w, https:\/\/www.shuttlezone.ch\/wp-content\/uploads\/2025\/12\/mittagskurs_2026_offen-212x300.png 212w, https:\/\/www.shuttlezone.ch\/wp-content\/uploads\/2025\/12\/mittagskurs_2026_offen-768x1086.png 768w, https:\/\/www.shuttlezone.ch\/wp-content\/uploads\/2025\/12\/mittagskurs_2026_offen-106x150.png 106w, https:\/\/www.shuttlezone.ch\/wp-content\/uploads\/2025\/12\/mittagskurs_2026_offen-19x27.png 19w, https:\/\/www.shuttlezone.ch\/wp-content\/uploads\/2025\/12\/mittagskurs_2026_offen.png 900w\" sizes=\"(max-width: 724px) 100vw, 724px\" \/><\/p>\n<\/div>\n<\/div><\/div><\/div><\/div><div id=\"pg-26-3\"  class=\"panel-grid panel-no-style\" ><div id=\"pgc-26-3-0\"  class=\"panel-grid-cell\" ><div id=\"panel-26-3-0-0\" class=\"so-panel widget widget_sow-editor panel-first-child panel-last-child\" data-index=\"7\" ><div\n\t\t\t\n\t\t\tclass=\"so-widget-sow-editor so-widget-sow-editor-base\"\n\t\t\t\n\t\t>\n<div class=\"siteorigin-widget-tinymce textwidget\">\n\t<div class=\"feature\">\n<h3><span style=\"color: #ff6600;\">badminton sunday morning<\/span><\/h3>\n<p>jeden letzten sonntag im monat kann man im badmintoncenter shuttlezone in winterthur f\u00fcr 10 fr. eine stunde badminton spielen und gratis einen kaffee mit gipfeli geniessen. und wer m\u00f6chte kann sogar ab 12.00 f\u00fcr 8 fr \/ h auf den freien feldern weiterspielen bis die 'ohren wackeln'<\/p>\n<p><img loading=\"lazy\" class=\"alignnone wp-image-834\" src=\"http:\/\/www.shuttlezone.ch\/wp-content\/uploads\/2018\/10\/badminton_sunday_morning-214x300.png\" alt=\"\" width=\"293\" height=\"411\" srcset=\"https:\/\/www.shuttlezone.ch\/wp-content\/uploads\/2018\/10\/badminton_sunday_morning-214x300.png 214w, https:\/\/www.shuttlezone.ch\/wp-content\/uploads\/2018\/10\/badminton_sunday_morning-768x1077.png 768w, https:\/\/www.shuttlezone.ch\/wp-content\/uploads\/2018\/10\/badminton_sunday_morning-730x1024.png 730w, https:\/\/www.shuttlezone.ch\/wp-content\/uploads\/2018\/10\/badminton_sunday_morning-107x150.png 107w, https:\/\/www.shuttlezone.ch\/wp-content\/uploads\/2018\/10\/badminton_sunday_morning-19x27.png 19w, https:\/\/www.shuttlezone.ch\/wp-content\/uploads\/2018\/10\/badminton_sunday_morning.png 1492w\" sizes=\"(max-width: 293px) 100vw, 293px\" \/><\/p>\n<\/div>\n<h4 class=\"auto-style5\"><span class=\"auto-style6\">unser beliebter offener mittwochkurs f\u00fcr alle<\/span><\/h4>\n<p class=\"auto-style2\"><span class=\"auto-style3\">\u00a0<span class=\"auto-style8\"><strong>jeden mittwochabend 45 minuten kurs und anschliessend freies spiel - kein anmelden erforderlich - mehr infos <\/strong><\/span><\/span><span class=\"auto-style8\"><strong><span class=\"auto-style3\"> \u00a0<a href=\"https:\/\/www.shuttlezone.ch\/index.php\/offener-mittwochkurs\/\">hier<\/a><\/span><\/strong><\/span><strong>\u00a0<\/strong><\/p>\n<p>nehmen Sie freunde und nachbarn mit, damit sie diese tolle, gesunde und facettenreiche sportart auch kennenlernen.<\/p>\n<p><strong>aktiv in den nachmittag<br \/>\n<\/strong>ein anregendes spiel \u00fcber die mittagszeit - das beste mittel gegen das nachmittagsloch! entschlackt k\u00f6rper und geist und ist die beste vorbeugung gegen erk\u00e4ltung. probieren sie es aus!<\/p>\n<div class=\"feature\">\n<p class=\"inhalt\">wir sind 365 tage im jahr f\u00fcr alle badmintonfans da, mittags, abends - und am wochenende.<\/p>\n<\/div>\n<\/div>\n<\/div><\/div><\/div><\/div><div id=\"pg-26-4\"  class=\"panel-grid panel-no-style\" ><div id=\"pgc-26-4-0\"  class=\"panel-grid-cell panel-grid-cell-empty\" ><\/div><div id=\"pgc-26-4-1\"  class=\"panel-grid-cell panel-grid-cell-empty\" ><\/div><div id=\"pgc-26-4-2\"  class=\"panel-grid-cell panel-grid-cell-empty\" ><\/div><div id=\"pgc-26-4-3\"  class=\"panel-grid-cell panel-grid-cell-mobile-last\" ><div id=\"panel-26-4-3-0\" class=\"so-panel widget widget_sow-button panel-first-child panel-last-child\" data-index=\"8\" ><div\n\t\t\t\n\t\t\tclass=\"so-widget-sow-button so-widget-sow-button-flat-62ab088ca2e9-26\"\n\t\t\t\n\t\t><div class=\"ow-button-base ow-button-align-center\"\n>\n\t\t\t<a\n\t\t\t\t\thref=\"https:\/\/www.shuttlezone.ch\/index.php\/docs\/sz_wiki\/\"\n\t\t\t\t\tclass=\"sowb-button ow-icon-placement-left ow-button-hover\" \t>\n\t\t<span>\n\t\t\t<span class=\"sow-icon-fontawesome sow-far\" data-sow-icon=\"&#xf058;\"\n\t\tstyle=\"color: #f7f7f7\" \n\t\taria-hidden=\"true\"><\/span>\n\t\t\t\t\t<\/span>\n\t\t\t<\/a>\n\t<\/div>\n<\/div><\/div><\/div><div id=\"pgc-26-4-4\"  class=\"panel-grid-cell panel-grid-cell-empty\" ><\/div><\/div><\/div><script type=\"text\/javascript\"> var tt_store_content = \"montag \u00a0\u00a0\u00a0\u00a0\u00a0\u00a0\u00a0\u00a0\u00a0\u00a011\\:45 \\- 13\\:15 \\\/ 17\\:00 \\- 23\\:00<br\/>dienstag \u00a0\u00a0\u00a0\u00a0\u00a0\u00a0\u00a0\u00a011\\:45 \\- 13\\:15 \\\/ 17\\:00 \\- 23\\:00<br\/>mittwoch \u00a0\u00a0\u00a0\u00a0\u00a0\u00a011\\:45 \\- 23\\:00<br\/>donnerstag\u00a0 \u00a0 11\\:45 \\- 13\\:15 \\\/ 17\\:00 \\- 23\\:00<br\/>freitag\u00a0 \u00a0 \u00a0 \u00a0 \u00a0 \u00a0 \u00a011\\:45 \\- 13\\:15 \\\/ 17\\:00 \\- 23\\:00<br\/>samstag\u00a0 \u00a0 \u00a0 \u00a0 \u00a0 10\\:00 \\-20\\:00<br\/>sonntag\u00a0 \u00a0 \u00a0 \u00a0 \u00a0 \u00a010\\:00 \\-18\\:00\"; toolTips('.classtoolTips2',tt_store_content,'648'); <\/script>","protected":false},"excerpt":{"rendered":"<p>die badminton spitzenhalle im pulsierenden lagerplatz, mitten in der stadt winterthur: willkommen in der shuttlezone ! \u00d6ffnungszeiten Winterthur : jetzt aktuell in winterthur : z\u00e4me gsund z\u00e4me schwitz z\u00e4me badminton<\/p>\n<p class=\"continue-reading-button\"> <a class=\"continue-reading-link\" href=\"https:\/\/www.shuttlezone.ch\/index.php\/winterthur\/\">Continue reading<i class=\"crycon-right-dir\"><\/i><\/a><\/p>\n","protected":false},"author":2,"featured_media":0,"parent":0,"menu_order":30,"comment_status":"closed","ping_status":"closed","template":"","meta":[],"_links":{"self":[{"href":"https:\/\/www.shuttlezone.ch\/index.php\/wp-json\/wp\/v2\/pages\/26"}],"collection":[{"href":"https:\/\/www.shuttlezone.ch\/index.php\/wp-json\/wp\/v2\/pages"}],"about":[{"href":"https:\/\/www.shuttlezone.ch\/index.php\/wp-json\/wp\/v2\/types\/page"}],"author":[{"embeddable":true,"href":"https:\/\/www.shuttlezone.ch\/index.php\/wp-json\/wp\/v2\/users\/2"}],"replies":[{"embeddable":true,"href":"https:\/\/www.shuttlezone.ch\/index.php\/wp-json\/wp\/v2\/comments?post=26"}],"version-history":[{"count":183,"href":"https:\/\/www.shuttlezone.ch\/index.php\/wp-json\/wp\/v2\/pages\/26\/revisions"}],"predecessor-version":[{"id":5007,"href":"https:\/\/www.shuttlezone.ch\/index.php\/wp-json\/wp\/v2\/pages\/26\/revisions\/5007"}],"wp:attachment":[{"href":"https:\/\/www.shuttlezone.ch\/index.php\/wp-json\/wp\/v2\/media?parent=26"}],"curies":[{"name":"wp","href":"https:\/\/api.w.org\/{rel}","templated":true}]}}