{"id":1395,"date":"2020-02-17T09:15:29","date_gmt":"2020-02-17T08:15:29","guid":{"rendered":"http:\/\/www.shuttlezone.ch\/?page_id=1395"},"modified":"2020-02-19T11:58:59","modified_gmt":"2020-02-19T10:58:59","slug":"beispiel-seite-2-3","status":"publish","type":"page","link":"https:\/\/www.shuttlezone.ch\/index.php\/beispiel-seite-2-3\/","title":{"rendered":"lunch time badminton"},"content":{"rendered":"<div id=\"pl-1395\"  class=\"panel-layout\" ><div id=\"pg-1395-0\"  class=\"panel-grid panel-has-style\" ><div class=\"panel-row-style panel-row-style-for-1395-0\" ><div id=\"pgc-1395-0-0\"  class=\"panel-grid-cell\" ><div id=\"panel-1395-0-0-0\" class=\"so-panel widget widget_sow-editor panel-first-child panel-last-child\" data-index=\"0\" ><div\n\t\t\t\n\t\t\tclass=\"so-widget-sow-editor so-widget-sow-editor-base\"\n\t\t\t\n\t\t>\n<div class=\"siteorigin-widget-tinymce textwidget\">\n\t<h6><\/h6>\n<h3><strong>lunch time badminton<\/strong><\/h3>\n<h5>die smarteste (sport)art um \u00fcber die mittagszeit den kopf auszul\u00fcften und schwung f\u00fcr den nachmittag zu holen<\/h5>\n<\/div>\n<\/div><\/div><\/div><\/div><\/div><div id=\"pg-1395-1\"  class=\"panel-grid panel-has-style\" ><div class=\"panel-row-style panel-row-style-for-1395-1\" ><div id=\"pgc-1395-1-0\"  class=\"panel-grid-cell\" ><div id=\"panel-1395-1-0-0\" class=\"so-panel widget widget_sow-editor panel-first-child panel-last-child\" data-index=\"1\" ><div\n\t\t\t\n\t\t\tclass=\"so-widget-sow-editor so-widget-sow-editor-base\"\n\t\t\t\n\t\t>\n<div class=\"siteorigin-widget-tinymce textwidget\">\n\t<h6><strong>lunch time badminton am montag von 11.45 bis 13.30<\/strong><\/h6>\n<p>reservieren sie ein feld (45 oder 60 minuten) am montag \u00fcber die mittagszeit und holen sie sich mit kollegen und freunden schwung und power f\u00fcr den nachmittag<\/p>\n<p><strong>wir unterst\u00fctzen sie dabei mit einem kostenlosen powergetr\u00e4nk<\/strong><br \/>\n(nicht kumulierbar mit andern rabattaktionen oder verg\u00fcnstigungen)<\/p>\n<\/div>\n<\/div><\/div><\/div><div id=\"pgc-1395-1-1\"  class=\"panel-grid-cell\" ><div id=\"panel-1395-1-1-0\" class=\"so-panel widget widget_sow-image panel-first-child panel-last-child\" data-index=\"2\" ><div\n\t\t\t\n\t\t\tclass=\"so-widget-sow-image so-widget-sow-image-default-c67d20f9f743-1395\"\n\t\t\t\n\t\t>\n<div class=\"sow-image-container\">\n\t\t<img \n\tsrc=\"https:\/\/www.shuttlezone.ch\/wp-content\/uploads\/2020\/02\/ltb_mo_szwi.png\" width=\"348\" height=\"150\" srcset=\"https:\/\/www.shuttlezone.ch\/wp-content\/uploads\/2020\/02\/ltb_mo_szwi.png 348w, https:\/\/www.shuttlezone.ch\/wp-content\/uploads\/2020\/02\/ltb_mo_szwi-300x129.png 300w, https:\/\/www.shuttlezone.ch\/wp-content\/uploads\/2020\/02\/ltb_mo_szwi-150x65.png 150w, https:\/\/www.shuttlezone.ch\/wp-content\/uploads\/2020\/02\/ltb_mo_szwi-31x13.png 31w\" sizes=\"(max-width: 348px) 100vw, 348px\" alt=\"\" loading=\"lazy\" \t\tclass=\"so-widget-image\"\/>\n\t<\/div>\n\n<h5 class=\"widget-title\"><b><\/b><\/h5><\/div><\/div><\/div><\/div><\/div><div id=\"pg-1395-2\"  class=\"panel-grid panel-has-style\" ><div class=\"panel-row-style panel-row-style-for-1395-2\" ><div id=\"pgc-1395-2-0\"  class=\"panel-grid-cell\" ><div id=\"panel-1395-2-0-0\" class=\"so-panel widget widget_sow-image panel-first-child panel-last-child\" data-index=\"3\" ><div\n\t\t\t\n\t\t\tclass=\"so-widget-sow-image so-widget-sow-image-default-c67d20f9f743-1395\"\n\t\t\t\n\t\t>\n<div class=\"sow-image-container\">\n\t\t<img \n\tsrc=\"https:\/\/www.shuttlezone.ch\/wp-content\/uploads\/2020\/02\/ltb_mo_szwe.png\" width=\"348\" height=\"149\" srcset=\"https:\/\/www.shuttlezone.ch\/wp-content\/uploads\/2020\/02\/ltb_mo_szwe.png 348w, https:\/\/www.shuttlezone.ch\/wp-content\/uploads\/2020\/02\/ltb_mo_szwe-300x128.png 300w, https:\/\/www.shuttlezone.ch\/wp-content\/uploads\/2020\/02\/ltb_mo_szwe-150x64.png 150w, https:\/\/www.shuttlezone.ch\/wp-content\/uploads\/2020\/02\/ltb_mo_szwe-31x13.png 31w\" sizes=\"(max-width: 348px) 100vw, 348px\" alt=\"\" loading=\"lazy\" \t\tclass=\"so-widget-image\"\/>\n\t<\/div>\n\n<h5 class=\"widget-title\"><b><\/b><\/h5><\/div><\/div><\/div><div id=\"pgc-1395-2-1\"  class=\"panel-grid-cell\" ><div id=\"panel-1395-2-1-0\" class=\"so-panel widget widget_sow-editor panel-first-child panel-last-child\" data-index=\"4\" ><div\n\t\t\t\n\t\t\tclass=\"so-widget-sow-editor so-widget-sow-editor-base\"\n\t\t\t\n\t\t>\n<div class=\"siteorigin-widget-tinymce textwidget\">\n\t<h6><strong>lunch time badminton am montag von 11.30 bis 14.30<\/strong><\/h6>\n<p>reservieren sie ein feld\u00a0 am montag \u00fcber die mittagszeit und holen sie sich mit kollegen und freunden schwung und power f\u00fcr den nachmittag<\/p>\n<p><strong>wir unterst\u00fctzen sie dabei mit einem kostenlosen powergetr\u00e4nk<\/strong><br \/>\n(nicht kumulierbar mit andern rabattaktionen oder verg\u00fcnstigungen)<\/p>\n<\/div>\n<\/div><\/div><\/div><\/div><\/div><div id=\"pg-1395-3\"  class=\"panel-grid panel-has-style\" ><div class=\"panel-row-style panel-row-style-for-1395-3\" ><div id=\"pgc-1395-3-0\"  class=\"panel-grid-cell\" ><div id=\"panel-1395-3-0-0\" class=\"so-panel widget widget_sow-editor panel-first-child panel-last-child\" data-index=\"5\" ><div\n\t\t\t\n\t\t\tclass=\"so-widget-sow-editor so-widget-sow-editor-base\"\n\t\t\t\n\t\t>\n<div class=\"siteorigin-widget-tinymce textwidget\">\n\t<h6><strong>lunch time badminton am mittwoch von 11.45 bis 13.30<\/strong><\/h6>\n<p>du bist 60+ oder j\u00fcnger und du freust dich auch \u00fcber ungezwungene bewegung mit viel lachen und austausch in der gruppe - dann bist du bei uns richtig<\/p>\n<p>einfach vorbei kommen und mitmachen - wir sind eine gemischte gruppe von damen und herren die spass am badminton spielen hat<\/p>\n<p>wir beginnen um 11.45 und spielen bis ca. 13.30 (wer lust hat kann l\u00e4nger)<br \/>\nwer sp\u00e4ter kommt oder eher geht ist trotzdem herzlich willkommen<\/p>\n<p>oft ist auch ein trainer zugegen der uns mit tipps und tricks zur seite steht<\/p>\n<p><strong>und das ganze ist super g\u00fcnstig\u00a0<\/strong><\/p>\n<p>nur 14 fr. pro person und mittag, egal wie lange man spielt<br \/>\nwenn der trainer aktiv leitet, kostet es noch 5 fr zus\u00e4tzlich<\/p>\n<\/div>\n<\/div><\/div><\/div><div id=\"pgc-1395-3-1\"  class=\"panel-grid-cell\" ><div id=\"panel-1395-3-1-0\" class=\"so-panel widget widget_sow-image panel-first-child panel-last-child\" data-index=\"6\" ><div\n\t\t\t\n\t\t\tclass=\"so-widget-sow-image so-widget-sow-image-default-c67d20f9f743-1395\"\n\t\t\t\n\t\t>\n<div class=\"sow-image-container\">\n\t\t<img \n\tsrc=\"https:\/\/www.shuttlezone.ch\/wp-content\/uploads\/2020\/02\/ltb_mi_szwi.png\" width=\"348\" height=\"150\" srcset=\"https:\/\/www.shuttlezone.ch\/wp-content\/uploads\/2020\/02\/ltb_mi_szwi.png 348w, https:\/\/www.shuttlezone.ch\/wp-content\/uploads\/2020\/02\/ltb_mi_szwi-300x129.png 300w, https:\/\/www.shuttlezone.ch\/wp-content\/uploads\/2020\/02\/ltb_mi_szwi-150x65.png 150w, https:\/\/www.shuttlezone.ch\/wp-content\/uploads\/2020\/02\/ltb_mi_szwi-31x13.png 31w\" sizes=\"(max-width: 348px) 100vw, 348px\" alt=\"\" loading=\"lazy\" \t\tclass=\"so-widget-image\"\/>\n\t<\/div>\n\n<h5 class=\"widget-title\"><b><\/b><\/h5><\/div><\/div><\/div><\/div><\/div><div id=\"pg-1395-4\"  class=\"panel-grid panel-has-style\" ><div class=\"panel-row-style panel-row-style-for-1395-4\" ><div id=\"pgc-1395-4-0\"  class=\"panel-grid-cell\" ><div id=\"panel-1395-4-0-0\" class=\"so-panel widget widget_sow-editor panel-first-child panel-last-child\" data-index=\"7\" ><div\n\t\t\t\n\t\t\tclass=\"so-widget-sow-editor so-widget-sow-editor-base\"\n\t\t\t\n\t\t>\n<div class=\"siteorigin-widget-tinymce textwidget\">\n\t<h6><\/h6>\n<h4>zur bek\u00e4mpfung des grossen durstes oder des kleinen hungers steht ihnen unser bistrosortiment zur verf\u00fcgung - fragen sie unser fachpersonal oder lassen sie sich von unseren badmintonapothekern beraten \ud83d\ude09<\/h4>\n<p>Falls wir in unserem sortiment etwas nicht f\u00fchren, das sie gerne \u00fcber die mittagszeit bei uns konsumieren m\u00f6chten, sende sie uns bitte eine nachricht auf info_szwe@shuttlezone.ch (wetzikon) oder info_szwi@shuttlezone.ch (winterthur)<\/p>\n<\/div>\n<\/div><\/div><\/div><\/div><\/div><\/div>","protected":false},"excerpt":{"rendered":"<p>lunch time badminton die smarteste (sport)art um \u00fcber die mittagszeit den kopf auszul\u00fcften und schwung f\u00fcr den nachmittag zu holen lunch time badminton am montag von 11.45 bis 13.30 reservieren sie ein feld (45 oder 60 minuten) am montag \u00fcber die mittagszeit und holen sie sich mit kollegen und freunden\u2026<\/p>\n<p class=\"continue-reading-button\"> <a class=\"continue-reading-link\" href=\"https:\/\/www.shuttlezone.ch\/index.php\/beispiel-seite-2-3\/\">Continue reading<i class=\"crycon-right-dir\"><\/i><\/a><\/p>\n","protected":false},"author":2,"featured_media":0,"parent":0,"menu_order":10,"comment_status":"closed","ping_status":"closed","template":"","meta":[],"_links":{"self":[{"href":"https:\/\/www.shuttlezone.ch\/index.php\/wp-json\/wp\/v2\/pages\/1395"}],"collection":[{"href":"https:\/\/www.shuttlezone.ch\/index.php\/wp-json\/wp\/v2\/pages"}],"about":[{"href":"https:\/\/www.shuttlezone.ch\/index.php\/wp-json\/wp\/v2\/types\/page"}],"author":[{"embeddable":true,"href":"https:\/\/www.shuttlezone.ch\/index.php\/wp-json\/wp\/v2\/users\/2"}],"replies":[{"embeddable":true,"href":"https:\/\/www.shuttlezone.ch\/index.php\/wp-json\/wp\/v2\/comments?post=1395"}],"version-history":[{"count":81,"href":"https:\/\/www.shuttlezone.ch\/index.php\/wp-json\/wp\/v2\/pages\/1395\/revisions"}],"predecessor-version":[{"id":1519,"href":"https:\/\/www.shuttlezone.ch\/index.php\/wp-json\/wp\/v2\/pages\/1395\/revisions\/1519"}],"wp:attachment":[{"href":"https:\/\/www.shuttlezone.ch\/index.php\/wp-json\/wp\/v2\/media?parent=1395"}],"curies":[{"name":"wp","href":"https:\/\/api.w.org\/{rel}","templated":true}]}}