{"id":1293,"date":"2019-12-19T00:12:08","date_gmt":"2019-12-18T23:12:08","guid":{"rendered":"http:\/\/www.shuttlezone.ch\/?page_id=1293"},"modified":"2019-12-19T00:15:58","modified_gmt":"2019-12-18T23:15:58","slug":"gutschein-szwi","status":"publish","type":"page","link":"https:\/\/www.shuttlezone.ch\/index.php\/gutschein-szwi\/","title":{"rendered":"gutschein szwi"},"content":{"rendered":"<p><strong><span style=\"color: #0000ff;\">mit gutscheinen des badmintoncenters shuttlezone winterthur schenken sie spass und gesundheit!<\/span><\/strong><\/p>\n<div class=\"wpforms-container wpforms-container-full\" id=\"wpforms-1292\"><form id=\"wpforms-form-1292\" class=\"wpforms-validate wpforms-form\" data-formid=\"1292\" method=\"post\" enctype=\"multipart\/form-data\" action=\"\/index.php\/wp-json\/wp\/v2\/pages\/1293\" data-token=\"b6ff23da8d0e1993839f18389fcede95\" data-token-time=\"1777687883\"><noscript class=\"wpforms-error-noscript\">Bitte aktiviere JavaScript in deinem Browser, um dieses Formular fertigzustellen.<\/noscript><div class=\"wpforms-field-container\"><div id=\"wpforms-1292-field_0-container\" class=\"wpforms-field wpforms-field-name\" data-field-id=\"0\"><label class=\"wpforms-field-label\">Name <span class=\"wpforms-required-label\">*<\/span><\/label><div class=\"wpforms-field-row wpforms-field-medium\"><div class=\"wpforms-field-row-block wpforms-first wpforms-one-half\"><input type=\"text\" id=\"wpforms-1292-field_0\" class=\"wpforms-field-name-first wpforms-field-required\" name=\"wpforms[fields][0][first]\" required><label for=\"wpforms-1292-field_0\" class=\"wpforms-field-sublabel after\">Vorname<\/label><\/div><div class=\"wpforms-field-row-block wpforms-one-half\"><input type=\"text\" id=\"wpforms-1292-field_0-last\" class=\"wpforms-field-name-last wpforms-field-required\" name=\"wpforms[fields][0][last]\" required><label for=\"wpforms-1292-field_0-last\" class=\"wpforms-field-sublabel after\">Nachname<\/label><\/div><\/div><\/div><div id=\"wpforms-1292-field_3-container\" class=\"wpforms-field wpforms-field-textarea\" data-field-id=\"3\"><label class=\"wpforms-field-label\" for=\"wpforms-1292-field_3\">Adressangaben<\/label><textarea id=\"wpforms-1292-field_3\" class=\"wpforms-field-medium\" name=\"wpforms[fields][3]\" placeholder=\"Geben sie hier ihre Adressangaben ein, wir verwenden sie als Fakturaadresse\" ><\/textarea><div class=\"wpforms-field-description\">Strasse, PLZ, Ort, Mobilenummer f\u00fcr kurzfristige Status\u00e4nderungen<\/div><\/div><div id=\"wpforms-1292-field_1-container\" class=\"wpforms-field wpforms-field-email\" data-field-id=\"1\"><label class=\"wpforms-field-label\" for=\"wpforms-1292-field_1\">E-Mail <span class=\"wpforms-required-label\">*<\/span><\/label><input type=\"email\" id=\"wpforms-1292-field_1\" class=\"wpforms-field-medium wpforms-field-required\" name=\"wpforms[fields][1]\" spellcheck=\"false\" required><\/div><div id=\"wpforms-1292-field_12-container\" class=\"wpforms-field wpforms-field-checkbox\" data-field-id=\"12\"><label class=\"wpforms-field-label\">gerne w\u00fcrde ich folgenden gutschein beziehen <span class=\"wpforms-required-label\">*<\/span><\/label><ul id=\"wpforms-1292-field_12\" class=\"wpforms-field-required\"><li class=\"choice-2 depth-1\"><input type=\"checkbox\" id=\"wpforms-1292-field_12_2\" name=\"wpforms[fields][12][]\" value=\"gutschein ausgestellt auf untenstehende empf\u00e4ngeradresse, fakturiert und versandt an mich\" required ><label class=\"wpforms-field-label-inline\" for=\"wpforms-1292-field_12_2\">gutschein ausgestellt auf untenstehende empf\u00e4ngeradresse, fakturiert und versandt an mich<\/label><\/li><li class=\"choice-3 depth-1\"><input type=\"checkbox\" id=\"wpforms-1292-field_12_3\" name=\"wpforms[fields][12][]\" value=\"bitte nehmen sie kontakt mit mir auf, ich habe einen speziellen gutscheinwunsch\" required ><label class=\"wpforms-field-label-inline\" for=\"wpforms-1292-field_12_3\">bitte nehmen sie kontakt mit mir auf, ich habe einen speziellen gutscheinwunsch<\/label><\/li><li class=\"choice-4 depth-1\"><input type=\"checkbox\" id=\"wpforms-1292-field_12_4\" name=\"wpforms[fields][12][]\" value=\"gutschein f\u00fcr badmintonfeld miete\" required ><label class=\"wpforms-field-label-inline\" for=\"wpforms-1292-field_12_4\">gutschein f\u00fcr badmintonfeld miete<\/label><\/li><li class=\"choice-5 depth-1\"><input type=\"checkbox\" id=\"wpforms-1292-field_12_5\" name=\"wpforms[fields][12][]\" value=\"gutschein f\u00fcr badmintonschulung\" required ><label class=\"wpforms-field-label-inline\" for=\"wpforms-1292-field_12_5\">gutschein f\u00fcr badmintonschulung<\/label><\/li><li class=\"choice-6 depth-1\"><input type=\"checkbox\" id=\"wpforms-1292-field_12_6\" name=\"wpforms[fields][12][]\" value=\"gutschein f\u00fcr ballmaschinenmiete\" required ><label class=\"wpforms-field-label-inline\" for=\"wpforms-1292-field_12_6\">gutschein f\u00fcr ballmaschinenmiete<\/label><\/li><\/ul><div class=\"wpforms-field-description\">bitte kreuzen die sie wunschoptionen an. wir best\u00e4tigen ihnen die auswahl vor zusendung des gutscheins oder nehmen bei unklarheiten kontakt mit ihnen auf. danke.<\/div><\/div><div id=\"wpforms-1292-field_17-container\" class=\"wpforms-field wpforms-field-text\" data-field-id=\"17\"><label class=\"wpforms-field-label\" for=\"wpforms-1292-field_17\">gutscheinwert <span class=\"wpforms-required-label\">*<\/span><\/label><input type=\"text\" id=\"wpforms-1292-field_17\" class=\"wpforms-field-medium wpforms-field-required\" name=\"wpforms[fields][17]\" required><div class=\"wpforms-field-description\">geben sie hier den betrag ein, \u00fcber den der gutschein ausgestellt werden soll<\/div><\/div><div id=\"wpforms-1292-field_16-container\" class=\"wpforms-field wpforms-field-textarea\" data-field-id=\"16\"><label class=\"wpforms-field-label\" for=\"wpforms-1292-field_16\">Name, Adresse und Mobilenummer des Empf\u00e4ngers<\/label><textarea id=\"wpforms-1292-field_16\" class=\"wpforms-field-medium\" name=\"wpforms[fields][16]\" ><\/textarea><div class=\"wpforms-field-description\">geben sie hier die Angaben des Empf\u00e4ngers an. sie k\u00f6nnen auch zusatzhinweise die auf gutschein vermerkt werden sollen (z.b 'firmenjubil\u00e4um'; 'zum Geburtstag'; 'Dankesch\u00f6n, dein Team'; etc.) angeben<\/div><\/div><div id=\"wpforms-1292-field_2-container\" class=\"wpforms-field wpforms-field-textarea\" data-field-id=\"2\"><label class=\"wpforms-field-label\" for=\"wpforms-1292-field_2\">erg\u00e4nzende kommentare, hinweise, fragen<\/label><textarea id=\"wpforms-1292-field_2\" class=\"wpforms-field-medium\" name=\"wpforms[fields][2]\" ><\/textarea><\/div><\/div><!-- .wpforms-field-container --><div class=\"wpforms-field wpforms-field-hp\"><label for=\"wpforms-1292-field-hp\" class=\"wpforms-field-label\">Message<\/label><input type=\"text\" name=\"wpforms[hp]\" id=\"wpforms-1292-field-hp\" class=\"wpforms-field-medium\"><\/div><div class=\"wpforms-submit-container\" ><input type=\"hidden\" name=\"wpforms[id]\" value=\"1292\"><input type=\"hidden\" name=\"page_title\" value=\"\"><input type=\"hidden\" name=\"page_url\" value=\"https:\/\/www.shuttlezone.ch\/index.php\/wp-json\/wp\/v2\/pages\/1293\"><input type=\"hidden\" name=\"url_referer\" value=\"\"><button type=\"submit\" name=\"wpforms[submit]\" id=\"wpforms-submit-1292\" class=\"wpforms-submit\" aria-live=\"assertive\" value=\"wpforms-submit\">Absenden<\/button><\/div><\/form><\/div>  <!-- .wpforms-container -->\n","protected":false},"excerpt":{"rendered":"<p>mit gutscheinen des badmintoncenters shuttlezone winterthur schenken sie spass und gesundheit!<\/p>\n<p class=\"continue-reading-button\"> <a class=\"continue-reading-link\" href=\"https:\/\/www.shuttlezone.ch\/index.php\/gutschein-szwi\/\">Continue reading<i class=\"crycon-right-dir\"><\/i><\/a><\/p>\n","protected":false},"author":2,"featured_media":0,"parent":0,"menu_order":0,"comment_status":"closed","ping_status":"closed","template":"","meta":[],"_links":{"self":[{"href":"https:\/\/www.shuttlezone.ch\/index.php\/wp-json\/wp\/v2\/pages\/1293"}],"collection":[{"href":"https:\/\/www.shuttlezone.ch\/index.php\/wp-json\/wp\/v2\/pages"}],"about":[{"href":"https:\/\/www.shuttlezone.ch\/index.php\/wp-json\/wp\/v2\/types\/page"}],"author":[{"embeddable":true,"href":"https:\/\/www.shuttlezone.ch\/index.php\/wp-json\/wp\/v2\/users\/2"}],"replies":[{"embeddable":true,"href":"https:\/\/www.shuttlezone.ch\/index.php\/wp-json\/wp\/v2\/comments?post=1293"}],"version-history":[{"count":4,"href":"https:\/\/www.shuttlezone.ch\/index.php\/wp-json\/wp\/v2\/pages\/1293\/revisions"}],"predecessor-version":[{"id":1298,"href":"https:\/\/www.shuttlezone.ch\/index.php\/wp-json\/wp\/v2\/pages\/1293\/revisions\/1298"}],"wp:attachment":[{"href":"https:\/\/www.shuttlezone.ch\/index.php\/wp-json\/wp\/v2\/media?parent=1293"}],"curies":[{"name":"wp","href":"https:\/\/api.w.org\/{rel}","templated":true}]}}