{"id":1099,"date":"2019-08-23T23:21:51","date_gmt":"2019-08-23T21:21:51","guid":{"rendered":"http:\/\/www.shuttlezone.ch\/?page_id=1099"},"modified":"2022-02-16T22:18:19","modified_gmt":"2022-02-16T21:18:19","slug":"beispiel-seite-2-2","status":"publish","type":"page","link":"https:\/\/www.shuttlezone.ch\/index.php\/beispiel-seite-2-2\/","title":{"rendered":"fridayspecial"},"content":{"rendered":"<div id=\"pl-1099\"  class=\"panel-layout\" ><div id=\"pg-1099-0\"  class=\"panel-grid panel-no-style\" ><div id=\"pgc-1099-0-0\"  class=\"panel-grid-cell\" ><div id=\"panel-1099-0-0-0\" class=\"so-panel widget widget_sow-editor panel-first-child panel-last-child\" data-index=\"0\" ><div\n\t\t\t\n\t\t\tclass=\"so-widget-sow-editor so-widget-sow-editor-base\"\n\t\t\t\n\t\t>\n<div class=\"siteorigin-widget-tinymce textwidget\">\n\t<h3>starte mit uns ins wochenende<\/h3>\n<\/div>\n<\/div><\/div><\/div><\/div><div id=\"pg-1099-1\"  class=\"panel-grid panel-no-style\" ><div id=\"pgc-1099-1-0\"  class=\"panel-grid-cell panel-grid-cell-mobile-last\" ><div id=\"panel-1099-1-0-0\" class=\"so-panel widget widget_sow-image panel-first-child panel-last-child\" data-index=\"1\" ><div class=\"panel-widget-style panel-widget-style-for-1099-1-0-0\" ><div\n\t\t\t\n\t\t\tclass=\"so-widget-sow-image so-widget-sow-image-default-4e6925654b7a-1099\"\n\t\t\t\n\t\t>\n<div class=\"sow-image-container\">\n\t\t\t<a href=\"https:\/\/www.shuttlezone.ch\/index.php\/wetzikon\/\"\n\t\t\t\t\t>\n\t\t\t<img \n\tsrc=\"https:\/\/www.shuttlezone.ch\/wp-content\/uploads\/2019\/08\/fridayspecial_2019_a4_kl.png\" width=\"1339\" height=\"2009\" srcset=\"https:\/\/www.shuttlezone.ch\/wp-content\/uploads\/2019\/08\/fridayspecial_2019_a4_kl.png 1339w, https:\/\/www.shuttlezone.ch\/wp-content\/uploads\/2019\/08\/fridayspecial_2019_a4_kl-200x300.png 200w, https:\/\/www.shuttlezone.ch\/wp-content\/uploads\/2019\/08\/fridayspecial_2019_a4_kl-768x1152.png 768w, https:\/\/www.shuttlezone.ch\/wp-content\/uploads\/2019\/08\/fridayspecial_2019_a4_kl-682x1024.png 682w, https:\/\/www.shuttlezone.ch\/wp-content\/uploads\/2019\/08\/fridayspecial_2019_a4_kl-100x150.png 100w, https:\/\/www.shuttlezone.ch\/wp-content\/uploads\/2019\/08\/fridayspecial_2019_a4_kl-18x27.png 18w\" sizes=\"(max-width: 1339px) 100vw, 1339px\" alt=\"fridayspecial\" loading=\"lazy\" \t\tclass=\"so-widget-image\"\/>\n\t\t\t<\/a><\/div>\n\n<h5 class=\"widget-title\"><b><\/b><\/h5><\/div><\/div><\/div><\/div><div id=\"pgc-1099-1-1\"  class=\"panel-grid-cell panel-grid-cell-empty\" ><\/div><\/div><div id=\"pg-1099-2\"  class=\"panel-grid panel-no-style\" ><div id=\"pgc-1099-2-0\"  class=\"panel-grid-cell panel-grid-cell-empty panel-grid-cell-mobile-last\" ><\/div><div id=\"pgc-1099-2-1\"  class=\"panel-grid-cell panel-grid-cell-empty\" ><\/div><\/div><div id=\"pg-1099-3\"  class=\"panel-grid panel-no-style\" ><div id=\"pgc-1099-3-0\"  class=\"panel-grid-cell\" ><div id=\"panel-1099-3-0-0\" class=\"so-panel widget widget_sow-editor panel-first-child panel-last-child\" data-index=\"2\" ><div\n\t\t\t\n\t\t\tclass=\"so-widget-sow-editor so-widget-sow-editor-base\"\n\t\t\t\n\t\t>\n<div class=\"siteorigin-widget-tinymce textwidget\">\n\t<h4>spass bewegung und action mit gleichgesinnten - ein start nach mass ins wochenende<\/h4>\n<h3><strong><span style=\"color: #ff0000;\">viel spielen<\/span><\/strong><\/h3>\n<h4>f\u00fcr wenig geld spielen ohne ende<\/h4>\n<p>&nbsp;<\/p>\n<p>am g\u00fcnstigsten spielst du mit dem 10er abo - n\u00e4mlich f\u00fcr 19.00 chf ab 20.00 bis centerschluss. dazu kommen noch 20% rabatt auf alle getr\u00e4nke und weitere verg\u00fcnstigungen. unser personal zeigt dir gerne alle varianten und vorz\u00fcge des fridayspecial-abo's auf<\/p>\n<h3><strong><span style=\"color: #ff0000;\">viel lernen<\/span><\/strong><\/h3>\n<h4>unsere themenabende sind wie geschaffen zur wissenmehrung, als meilenstein f\u00fcr die eigene trainingsplanung, zum ...?<\/h4>\n<p>.<\/p>\n<p>in loser folge f\u00fchren wir themenabende durch, da werden die kleinsten details der wettkampflauftechnik erl\u00e4utert oder du erh\u00e4ltst einblick in die basics der doppeltaktik. schau immer mal wieder auf die homepage und auf facebook, da werden die jeweiligen inhalte und daten aufgef\u00fchrt. hast du schon ein login im reservationssystem und ist da bei deinen pers\u00f6nlichen angaben das h\u00e4cklein f\u00fcr newsletter gesetzt und hast du uns auf facebook abonniert (<a href=\"https:\/\/www.facebook.com\/shuttlezonewinterthur\/\">https:\/\/www.facebook.com\/shuttlezonewinterthur\/<\/a>)? dann brauchst du dich um die news nicht selber zu k\u00fcmmern, wir informieren dich sobald wir was neues im schilde f\u00fchren.<\/p>\n<p>hast du uns schon gesagt, was du gerne mal vertieft haben m\u00f6chtest? nur zu - im untenstehenden formular kannst du uns gerne deine w\u00fcnsche mitteilen, wir sind gespannt.<\/p>\n<h3><strong><span style=\"color: #ff0000;\">viel partyfeeling<\/span><\/strong><\/h3>\n<h4>immer mal wieder was neues - ob fondueabend, ob badminton mit musikgenuss - am freitagabend bist du bei uns richtig<\/h4>\n<p>mehrmals im jahr ist shuttletime auch 'partytime' - nicht im urspr\u00fcnglichsten sinn und meist auch mit einem ger\u00fcttelt mass an bewegung verbunden - jedoch sicherlich unvergesslich - schau rein, mach mit und bring deine freunde mit<\/p>\n<p>&nbsp;<\/p>\n<p><strong>hier kannst du uns mitteilen wenn du am kommenden freitag dabei bist und hier kannst du den freitagabend mitgestalten - wir freuen uns auf jede zuschrift<\/strong><\/p>\n<div class=\"wpforms-container wpforms-container-full\" id=\"wpforms-1126\"><form id=\"wpforms-form-1126\" class=\"wpforms-validate wpforms-form\" data-formid=\"1126\" method=\"post\" enctype=\"multipart\/form-data\" action=\"\/index.php\/wp-json\/wp\/v2\/pages\/1099\" data-token=\"ec80dba0f7be28404125f7834e0429ec\" data-token-time=\"1778515425\"><noscript class=\"wpforms-error-noscript\">Bitte aktiviere JavaScript in deinem Browser, um dieses Formular fertigzustellen.<\/noscript><div class=\"wpforms-field-container\"><div id=\"wpforms-1126-field_0-container\" class=\"wpforms-field wpforms-field-name\" data-field-id=\"0\"><label class=\"wpforms-field-label\">Name <span class=\"wpforms-required-label\">*<\/span><\/label><div class=\"wpforms-field-row wpforms-field-medium\"><div class=\"wpforms-field-row-block wpforms-first wpforms-one-half\"><input type=\"text\" id=\"wpforms-1126-field_0\" class=\"wpforms-field-name-first wpforms-field-required\" name=\"wpforms[fields][0][first]\" required><label for=\"wpforms-1126-field_0\" class=\"wpforms-field-sublabel after\">Vorname<\/label><\/div><div class=\"wpforms-field-row-block wpforms-one-half\"><input type=\"text\" id=\"wpforms-1126-field_0-last\" class=\"wpforms-field-name-last wpforms-field-required\" name=\"wpforms[fields][0][last]\" required><label for=\"wpforms-1126-field_0-last\" class=\"wpforms-field-sublabel after\">Nachname<\/label><\/div><\/div><\/div><div id=\"wpforms-1126-field_7-container\" class=\"wpforms-field wpforms-field-checkbox wpforms-list-inline\" data-field-id=\"7\"><label class=\"wpforms-field-label\">ich bin: <span class=\"wpforms-required-label\">*<\/span><\/label><ul id=\"wpforms-1126-field_7\" class=\"wpforms-field-required\"><li class=\"choice-1 depth-1\"><input type=\"checkbox\" id=\"wpforms-1126-field_7_1\" name=\"wpforms[fields][7][]\" value=\"Frau\" required ><label class=\"wpforms-field-label-inline\" for=\"wpforms-1126-field_7_1\">Frau<\/label><\/li><li class=\"choice-2 depth-1\"><input type=\"checkbox\" id=\"wpforms-1126-field_7_2\" name=\"wpforms[fields][7][]\" value=\"Mann\" required ><label class=\"wpforms-field-label-inline\" for=\"wpforms-1126-field_7_2\">Mann<\/label><\/li><\/ul><\/div><div id=\"wpforms-1126-field_3-container\" class=\"wpforms-field wpforms-field-textarea\" data-field-id=\"3\"><label class=\"wpforms-field-label\" for=\"wpforms-1126-field_3\">Adressangaben<\/label><textarea id=\"wpforms-1126-field_3\" class=\"wpforms-field-medium\" name=\"wpforms[fields][3]\" placeholder=\"Geben sie hier ihre Adressangaben ein\" ><\/textarea><div class=\"wpforms-field-description\">Strasse, PLZ, Ort, Mobilenummer f\u00fcr kurzfristige Status\u00e4nderungen<\/div><\/div><div id=\"wpforms-1126-field_1-container\" class=\"wpforms-field wpforms-field-email\" data-field-id=\"1\"><label class=\"wpforms-field-label\" for=\"wpforms-1126-field_1\">E-Mail <span class=\"wpforms-required-label\">*<\/span><\/label><input type=\"email\" id=\"wpforms-1126-field_1\" class=\"wpforms-field-medium wpforms-field-required\" name=\"wpforms[fields][1]\" spellcheck=\"false\" required><\/div><div id=\"wpforms-1126-field_8-container\" class=\"wpforms-field wpforms-field-checkbox\" data-field-id=\"8\"><label class=\"wpforms-field-label\">kommenden freitag<\/label><ul id=\"wpforms-1126-field_8\"><li class=\"choice-3 depth-1\"><input type=\"checkbox\" id=\"wpforms-1126-field_8_3\" name=\"wpforms[fields][8][]\" value=\"bin gerne dabei\"  ><label class=\"wpforms-field-label-inline\" for=\"wpforms-1126-field_8_3\">bin gerne dabei<\/label><\/li><\/ul><div class=\"wpforms-field-description\">danke dass du uns dein kommen im vorfeld mitteilst - es d\u00fcrfen selbstverst\u00e4ndlich alle freunde und bekannten ohne voravisierung auch mitkommen \ud83d\ude42<\/div><\/div><div id=\"wpforms-1126-field_16-container\" class=\"wpforms-field wpforms-field-checkbox\" data-field-id=\"16\"><label class=\"wpforms-field-label\">Online-Abo-Bestellung<\/label><ul id=\"wpforms-1126-field_16\"><li class=\"choice-1 depth-1\"><input type=\"checkbox\" id=\"wpforms-1126-field_16_1\" name=\"wpforms[fields][16][]\" value=\"gerne bestelle ich ein 5er-Abo (100.- CHF). Fakturierung bitte an  obige Adresse\"  ><label class=\"wpforms-field-label-inline\" for=\"wpforms-1126-field_16_1\">gerne bestelle ich ein 5er-Abo (100.- CHF). Fakturierung bitte an  obige Adresse<\/label><\/li><li class=\"choice-2 depth-1\"><input type=\"checkbox\" id=\"wpforms-1126-field_16_2\" name=\"wpforms[fields][16][]\" value=\"gerne bestelle ich ein 10er-Abo (190.- CHF). Fakturierung bitte an  obige Adresse\"  ><label class=\"wpforms-field-label-inline\" for=\"wpforms-1126-field_16_2\">gerne bestelle ich ein 10er-Abo (190.- CHF). Fakturierung bitte an  obige Adresse<\/label><\/li><\/ul><\/div><div id=\"wpforms-1126-field_12-container\" class=\"wpforms-field wpforms-field-checkbox\" data-field-id=\"12\"><label class=\"wpforms-field-label\">diesen themenabend finde ich toll<\/label><ul id=\"wpforms-1126-field_12\"><li class=\"choice-1 depth-1\"><input type=\"checkbox\" id=\"wpforms-1126-field_12_1\" name=\"wpforms[fields][12][]\" value=\"wettkampflauftechnik - im detail erkl\u00e4rt\"  ><label class=\"wpforms-field-label-inline\" for=\"wpforms-1126-field_12_1\">wettkampflauftechnik - im detail erkl\u00e4rt<\/label><\/li><li class=\"choice-2 depth-1\"><input type=\"checkbox\" id=\"wpforms-1126-field_12_2\" name=\"wpforms[fields][12][]\" value=\"grundlagen der doppeltaktik\"  ><label class=\"wpforms-field-label-inline\" for=\"wpforms-1126-field_12_2\">grundlagen der doppeltaktik<\/label><\/li><li class=\"choice-3 depth-1\"><input type=\"checkbox\" id=\"wpforms-1126-field_12_3\" name=\"wpforms[fields][12][]\" value=\"grundlagen der mixedtaktik\"  ><label class=\"wpforms-field-label-inline\" for=\"wpforms-1126-field_12_3\">grundlagen der mixedtaktik<\/label><\/li><li class=\"choice-4 depth-1\"><input type=\"checkbox\" id=\"wpforms-1126-field_12_4\" name=\"wpforms[fields][12][]\" value=\"ballmaschinentraining sinnvoll? - hintergrundinfos zu dieser neuen trainingsform\"  ><label class=\"wpforms-field-label-inline\" for=\"wpforms-1126-field_12_4\">ballmaschinentraining sinnvoll? - hintergrundinfos zu dieser neuen trainingsform<\/label><\/li><li class=\"choice-5 depth-1\"><input type=\"checkbox\" id=\"wpforms-1126-field_12_5\" name=\"wpforms[fields][12][]\" value=\"aufschlagsituation in einzelteile zerlegt\"  ><label class=\"wpforms-field-label-inline\" for=\"wpforms-1126-field_12_5\">aufschlagsituation in einzelteile zerlegt<\/label><\/li><li class=\"choice-6 depth-1\"><input type=\"checkbox\" id=\"wpforms-1126-field_12_6\" name=\"wpforms[fields][12][]\" value=\"r\u00fcckhandspiel versus \u00fcberkopf\"  ><label class=\"wpforms-field-label-inline\" for=\"wpforms-1126-field_12_6\">r\u00fcckhandspiel versus \u00fcberkopf<\/label><\/li><\/ul><\/div><div id=\"wpforms-1126-field_14-container\" class=\"wpforms-field wpforms-field-checkbox\" data-field-id=\"14\"><label class=\"wpforms-field-label\">partytime am freitagabend - das gef\u00e4llt mir<\/label><ul id=\"wpforms-1126-field_14\"><li class=\"choice-1 depth-1\"><input type=\"checkbox\" id=\"wpforms-1126-field_14_1\" name=\"wpforms[fields][14][]\" value=\"fondueabend\"  ><label class=\"wpforms-field-label-inline\" for=\"wpforms-1126-field_14_1\">fondueabend<\/label><\/li><li class=\"choice-2 depth-1\"><input type=\"checkbox\" id=\"wpforms-1126-field_14_2\" name=\"wpforms[fields][14][]\" value=\"musik und badminton\"  ><label class=\"wpforms-field-label-inline\" for=\"wpforms-1126-field_14_2\">musik und badminton<\/label><\/li><li class=\"choice-3 depth-1\"><input type=\"checkbox\" id=\"wpforms-1126-field_14_3\" name=\"wpforms[fields][14][]\" value=\"kost\u00fcmball und badminton\"  ><label class=\"wpforms-field-label-inline\" for=\"wpforms-1126-field_14_3\">kost\u00fcmball und badminton<\/label><\/li><li class=\"choice-4 depth-1\"><input type=\"checkbox\" id=\"wpforms-1126-field_14_4\" name=\"wpforms[fields][14][]\" value=\"grillabend\"  ><label class=\"wpforms-field-label-inline\" for=\"wpforms-1126-field_14_4\">grillabend<\/label><\/li><li class=\"choice-5 depth-1\"><input type=\"checkbox\" id=\"wpforms-1126-field_14_5\" name=\"wpforms[fields][14][]\" value=\"nachtbadminton (22.00 bis ??)\"  ><label class=\"wpforms-field-label-inline\" for=\"wpforms-1126-field_14_5\">nachtbadminton (22.00 bis ??)<\/label><\/li><\/ul><\/div><div id=\"wpforms-1126-field_2-container\" class=\"wpforms-field wpforms-field-textarea\" data-field-id=\"2\"><label class=\"wpforms-field-label\" for=\"wpforms-1126-field_2\">meine w\u00fcnsche f\u00fcr themenabende oder partytime<\/label><textarea id=\"wpforms-1126-field_2\" class=\"wpforms-field-medium\" name=\"wpforms[fields][2]\" ><\/textarea><\/div><\/div><!-- .wpforms-field-container --><div class=\"wpforms-field wpforms-field-hp\"><label for=\"wpforms-1126-field-hp\" class=\"wpforms-field-label\">Name<\/label><input type=\"text\" name=\"wpforms[hp]\" id=\"wpforms-1126-field-hp\" class=\"wpforms-field-medium\"><\/div><div class=\"wpforms-recaptcha-container wpforms-is-recaptcha wpforms-is-recaptcha-type-invisible\" ><div class=\"g-recaptcha\" data-sitekey=\"6LfeFukUAAAAAM-O3tZr699vfvmOG_mazd1pNAtT\" data-size=\"invisible\"><\/div><\/div><div class=\"wpforms-submit-container\" ><input type=\"hidden\" name=\"wpforms[id]\" value=\"1126\"><input type=\"hidden\" name=\"page_title\" value=\"\"><input type=\"hidden\" name=\"page_url\" value=\"https:\/\/www.shuttlezone.ch\/index.php\/wp-json\/wp\/v2\/pages\/1099\"><input type=\"hidden\" name=\"url_referer\" value=\"\"><button type=\"submit\" name=\"wpforms[submit]\" id=\"wpforms-submit-1126\" class=\"wpforms-submit\" aria-live=\"assertive\" value=\"wpforms-submit\">Absenden<\/button><\/div><\/form><\/div>  <!-- .wpforms-container -->\n<p>&nbsp;<\/p>\n<\/div>\n<\/div><\/div><\/div><\/div><\/div>","protected":false},"excerpt":{"rendered":"<p>starte mit uns ins wochenende<\/p>\n<p class=\"continue-reading-button\"> <a class=\"continue-reading-link\" href=\"https:\/\/www.shuttlezone.ch\/index.php\/beispiel-seite-2-2\/\">Continue reading<i class=\"crycon-right-dir\"><\/i><\/a><\/p>\n","protected":false},"author":2,"featured_media":0,"parent":0,"menu_order":10,"comment_status":"closed","ping_status":"closed","template":"","meta":[],"_links":{"self":[{"href":"https:\/\/www.shuttlezone.ch\/index.php\/wp-json\/wp\/v2\/pages\/1099"}],"collection":[{"href":"https:\/\/www.shuttlezone.ch\/index.php\/wp-json\/wp\/v2\/pages"}],"about":[{"href":"https:\/\/www.shuttlezone.ch\/index.php\/wp-json\/wp\/v2\/types\/page"}],"author":[{"embeddable":true,"href":"https:\/\/www.shuttlezone.ch\/index.php\/wp-json\/wp\/v2\/users\/2"}],"replies":[{"embeddable":true,"href":"https:\/\/www.shuttlezone.ch\/index.php\/wp-json\/wp\/v2\/comments?post=1099"}],"version-history":[{"count":60,"href":"https:\/\/www.shuttlezone.ch\/index.php\/wp-json\/wp\/v2\/pages\/1099\/revisions"}],"predecessor-version":[{"id":3103,"href":"https:\/\/www.shuttlezone.ch\/index.php\/wp-json\/wp\/v2\/pages\/1099\/revisions\/3103"}],"wp:attachment":[{"href":"https:\/\/www.shuttlezone.ch\/index.php\/wp-json\/wp\/v2\/media?parent=1099"}],"curies":[{"name":"wp","href":"https:\/\/api.w.org\/{rel}","templated":true}]}}